{"id":1955,"date":"2024-09-10T18:52:08","date_gmt":"2024-09-10T18:52:08","guid":{"rendered":"https:\/\/sunutherapie.com\/?post_type=product&#038;p=1955"},"modified":"2026-01-24T20:07:43","modified_gmt":"2026-01-24T20:07:43","slug":"infusion-antistress-douceur-rouge-sommeil-detente","status":"publish","type":"product","link":"https:\/\/sunutherapie.com\/en\/product\/infusion-antistress-douceur-rouge-sommeil-detente\/","title":{"rendered":"Douceur Rouge : Antistress"},"content":{"rendered":"<h2><span style=\"color: #2e354f\">Douceur Rouge\u202f: Infusion Antistress D\u00e9tente Sommeil<\/span><\/h2>\n<h3><span style=\"color: #608080\">Pour g\u00e9rer le stress chaque jour<\/span><\/h3>\n<p>Bouff\u00e9es de chaleur, troubles de la concentration ou difficult\u00e9s \u00e0 dormir\u202f? Notre infusion antistress d\u00e9tente sommeil a \u00e9t\u00e9 con\u00e7ue pour vous, et Douceur Rouge offre une solution naturelle \u00e0 ceux qui souhaitent retrouver calme et qualit\u00e9 de vie. L\u2019association de bissap relaxant, de menthe poivr\u00e9e (riche en magn\u00e9sium) et de basilic aux propri\u00e9t\u00e9s s\u00e9datives aide \u00e0 apaiser l\u2019esprit et \u00e0 pr\u00e9parer le sommeil.<\/p>\n<h3><span style=\"color: #608080\">Une composition naturelle et efficace<\/span><\/h3>\n<p><!--more--><\/p>\n<p>Gr\u00e2ce au bissap, les tensions sont r\u00e9duites et l\u2019endormissement favoris\u00e9.\u00a0 Mais la menthe poivr\u00e9e, source de magn\u00e9sium, aide aussi votre corps \u00e0 mieux g\u00e9rer le stress. Quant au basilic, il prot\u00e8ge votre sommeil et limite les r\u00e9veils nocturnes.\u00a0 Donc ce m\u00e9lange unique distingue Douceur Rouge comme infusion antistress d\u00e9tente sommeil d\u2019exception.<\/p>\n<h3><span style=\"color: #608080\">Des b\u00e9n\u00e9fices prouv\u00e9s<\/span><\/h3>\n<p>Cette infusion stimule la production naturelle de s\u00e9rotonine pour la d\u00e9tente. De plus, votre corps produit davantage de m\u00e9latonine, l\u2019hormone du sommeil, pour offrir des nuits paisibles. Et donc, chaque tasse permet de retrouver la s\u00e9r\u00e9nit\u00e9, de fa\u00e7on simple et naturelle.<\/p>\n<h3><span style=\"color: #608080\">Facile \u00e0 int\u00e9grer dans votre routine<\/span><\/h3>\n<p>Adoptez Douceur Rouge chaque soir pour profiter pleinement de ses bienfaits sur le long terme, et misez ainsi sur le bien-\u00eatre au quotidien.<\/p>\n<p>&nbsp;<\/p>","protected":false},"excerpt":{"rendered":"<blockquote>\n<h2><span style=\"color: #2e354f\">Douceur Rouge\u202f: Infusion Antistress D\u00e9tente Sommeil<\/span><\/h2>\n<h3><span style=\"color: #608080\">Pour g\u00e9rer le stress chaque jour<\/span><\/h3>\n<p>Bouff\u00e9es de chaleur, troubles de la concentration ou difficult\u00e9s \u00e0 dormir\u202f? Notre infusion antistress d\u00e9tente sommeil a \u00e9t\u00e9 con\u00e7ue pour vous, et Douceur Rouge offre une solution naturelle \u00e0 ceux qui souhaitent retrouver calme et qualit\u00e9 de vie. L\u2019association de bissap relaxant, de menthe poivr\u00e9e (riche en magn\u00e9sium) et de basilic aux propri\u00e9t\u00e9s s\u00e9datives aide \u00e0 apaiser l\u2019esprit et \u00e0 pr\u00e9parer le sommeil.<\/p>\n<h3><span style=\"color: #608080\">Une composition naturelle et efficace<\/span><\/h3>\n<p>Gr\u00e2ce au bissap, les tensions sont r\u00e9duites et l\u2019endormissement favoris\u00e9.\u00a0 Mais la menthe poivr\u00e9e, source de magn\u00e9sium, aide aussi votre corps \u00e0 mieux g\u00e9rer le stress. Quant au basilic, il prot\u00e8ge votre sommeil et limite les r\u00e9veils nocturnes.\u00a0 Donc ce m\u00e9lange unique distingue Douceur Rouge comme infusion antistress d\u00e9tente sommeil d\u2019exception.<\/p>\n<h3><span style=\"color: #608080\">Des b\u00e9n\u00e9fices prouv\u00e9s<\/span><\/h3>\n<p>Cette infusion stimule la production naturelle de s\u00e9rotonine pour la d\u00e9tente. De plus, votre corps produit davantage de m\u00e9latonine, l\u2019hormone du sommeil, pour offrir des nuits paisibles. Et donc, chaque tasse permet de retrouver la s\u00e9r\u00e9nit\u00e9, de fa\u00e7on simple et naturelle.<\/p>\n<h3><span style=\"color: #608080\">Facile \u00e0 int\u00e9grer dans votre routine<\/span><\/h3>\n<p>Adoptez Douceur Rouge chaque soir pour profiter pleinement de ses bienfaits sur le long terme, et misez ainsi sur le bien-\u00eatre au quotidien.<\/p>\n<p>&nbsp;<\/p><\/blockquote>","protected":false},"featured_media":2338,"comment_status":"open","ping_status":"closed","template":"","meta":[],"etheme_brands":[],"product_brand":[],"product_cat":[60,52],"product_tag":[],"class_list":{"0":"post-1955","1":"product","2":"type-product","3":"status-publish","4":"has-post-thumbnail","6":"product_cat-a-la-une","7":"product_cat-infusions-et-thes","9":"first","10":"instock","11":"sale","12":"shipping-taxable","13":"purchasable","14":"product-type-simple"},"jetpack_sharing_enabled":true,"_links":{"self":[{"href":"https:\/\/sunutherapie.com\/en\/wp-json\/wp\/v2\/product\/1955","targetHints":{"allow":["GET"]}}],"collection":[{"href":"https:\/\/sunutherapie.com\/en\/wp-json\/wp\/v2\/product"}],"about":[{"href":"https:\/\/sunutherapie.com\/en\/wp-json\/wp\/v2\/types\/product"}],"replies":[{"embeddable":true,"href":"https:\/\/sunutherapie.com\/en\/wp-json\/wp\/v2\/comments?post=1955"}],"version-history":[{"count":13,"href":"https:\/\/sunutherapie.com\/en\/wp-json\/wp\/v2\/product\/1955\/revisions"}],"predecessor-version":[{"id":2528,"href":"https:\/\/sunutherapie.com\/en\/wp-json\/wp\/v2\/product\/1955\/revisions\/2528"}],"wp:featuredmedia":[{"embeddable":true,"href":"https:\/\/sunutherapie.com\/en\/wp-json\/wp\/v2\/media\/2338"}],"wp:attachment":[{"href":"https:\/\/sunutherapie.com\/en\/wp-json\/wp\/v2\/media?parent=1955"}],"wp:term":[{"taxonomy":"brand","embeddable":true,"href":"https:\/\/sunutherapie.com\/en\/wp-json\/wp\/v2\/etheme_brands?post=1955"},{"taxonomy":"product_brand","embeddable":true,"href":"https:\/\/sunutherapie.com\/en\/wp-json\/wp\/v2\/product_brand?post=1955"},{"taxonomy":"product_cat","embeddable":true,"href":"https:\/\/sunutherapie.com\/en\/wp-json\/wp\/v2\/product_cat?post=1955"},{"taxonomy":"product_tag","embeddable":true,"href":"https:\/\/sunutherapie.com\/en\/wp-json\/wp\/v2\/product_tag?post=1955"}],"curies":[{"name":"wp","href":"https:\/\/api.w.org\/{rel}","templated":true}]}}