{"id":2344,"date":"2024-11-14T18:38:02","date_gmt":"2024-11-14T18:38:02","guid":{"rendered":"https:\/\/sunutherapie.com\/product\/baume-capillaire-chebe-clou-de-girofle\/"},"modified":"2026-02-01T20:24:19","modified_gmt":"2026-02-01T20:24:19","slug":"baume-capillaire-chebe-clou-de-girofle","status":"publish","type":"product","link":"https:\/\/sunutherapie.com\/en\/product\/baume-capillaire-chebe-clou-de-girofle\/","title":{"rendered":"Baume Capillaire Chebe Clou de Girofle"},"content":{"rendered":"<h1 id=\"fiche-produit--baume-hydratant-activatrice-de-repo\" class=\"font-display first:mt-xs mb-2 mt-4 text-lg font-[500] leading-[1.5em] lg:text-xl dark:font-[475]\"><span>Baume Hydratant Activatrice de Repousse<\/span><\/h1>\n<p class=\"my-0 py-2 [&amp;_strong:has(+br)]:inline-block [&amp;_strong:has(+br)]:pb-2\"><span>D\u00e9couvrez notre <strong>Baume capillaire\u00a0 Chebe et Clou de Girofle Activatrice de Repousse <\/strong><\/span><span>\u00a0, une formule riche et naturelle con\u00e7ue pour stimuler la croissance de vos cheveux tout en les nourrissant en profondeur. Enrichi en\u00a0<\/span><strong><span>huile de ricin<\/span><\/strong><span>\u00a0,\u00a0<\/span><strong><span>huile de coco<\/span><\/strong><span>\u00a0, ainsi qu&rsquo;en beurres pr\u00e9cieux comme le\u00a0<\/span><strong><span>karit\u00e9<\/span><\/strong><span>\u00a0et le\u00a0<\/span><strong><span>cacao<\/span><\/strong><span>\u00a0, ce baume d\u00e9m\u00eale, hydrate intens\u00e9ment et prot\u00e8ge votre chevelure. Sa texture fondante associ\u00e9e \u00e0 la\u00a0<\/span><strong><span>cire d&rsquo;abeille<\/span><\/strong><span>\u00a0renforce la barri\u00e8re protectrice du cuir chevelu pour un confort optimal.<\/span><\/p>\n<p class=\"my-0 py-2 [&amp;_strong:has(+br)]:inline-block [&amp;_strong:has(+br)]:pb-2\"><span>La pr\u00e9sence des vitamines B et E offre un effet revitalisant, favorisant la sant\u00e9 du follicule pileux et ralentissant la casse. Utilisez ce soin puissant r\u00e9guli\u00e8rement pour r\u00e9v\u00e9ler une chevelure plus dense, souple et \u00e9clatante de sant\u00e9.<\/span><\/p>\n<p>&nbsp;<\/p>\n<h2 class=\"mb-2 mt-4 text-base font-[500] first:mt-0 dark:font-[475]\"><span>Mode d&rsquo;application\u00a0 du Baume :<\/span><\/h2>\n<p class=\"my-0 py-2 [&amp;_strong:has(+br)]:inline-block [&amp;_strong:has(+br)]:pb-2\"><span>Appliquez une noisette de baume sur cheveux propres et humides, en insistant sur le cuir chevelu et les longueurs. Massez d\u00e9licatement du bout des doigts pour favoriser la circulation sanguine et une meilleure p\u00e9n\u00e9tration des actifs. Laissez agir sans rincer pour un soin nourrissant et actif tout au long de la journ\u00e9e. Utiliser r\u00e9guli\u00e8rement, id\u00e9alement 2 \u00e0 3 fois par semaine, pour des r\u00e9sultats visibles sur la repousse et la texture de vos cheveux.<\/span><\/p>\n","protected":false},"excerpt":{"rendered":"<p>Une baume hydratante, activatrice de repousse, d\u00e9melante, riche en huile de ricin, huile de coco, beurres de karit\u00e9, de cacao, d&rsquo;huile de palme, de cire d&rsquo;abeille, de vitamine B, de vitamine E&#8230;.. C&rsquo;est une puissance alli\u00e9e pour la croissance des cheveux et leur bien-\u00eatre<\/p>","protected":false},"featured_media":2342,"comment_status":"open","ping_status":"closed","template":"","meta":[],"etheme_brands":[],"product_brand":[],"product_cat":[56,57],"product_tag":[],"class_list":{"0":"post-2344","1":"product","2":"type-product","3":"status-publish","4":"has-post-thumbnail","6":"product_cat-biocosmetiques","7":"product_cat-growing-hair","9":"first","10":"instock","11":"shipping-taxable","12":"purchasable","13":"product-type-simple"},"jetpack_sharing_enabled":true,"_links":{"self":[{"href":"https:\/\/sunutherapie.com\/en\/wp-json\/wp\/v2\/product\/2344","targetHints":{"allow":["GET"]}}],"collection":[{"href":"https:\/\/sunutherapie.com\/en\/wp-json\/wp\/v2\/product"}],"about":[{"href":"https:\/\/sunutherapie.com\/en\/wp-json\/wp\/v2\/types\/product"}],"replies":[{"embeddable":true,"href":"https:\/\/sunutherapie.com\/en\/wp-json\/wp\/v2\/comments?post=2344"}],"version-history":[{"count":3,"href":"https:\/\/sunutherapie.com\/en\/wp-json\/wp\/v2\/product\/2344\/revisions"}],"predecessor-version":[{"id":2541,"href":"https:\/\/sunutherapie.com\/en\/wp-json\/wp\/v2\/product\/2344\/revisions\/2541"}],"wp:featuredmedia":[{"embeddable":true,"href":"https:\/\/sunutherapie.com\/en\/wp-json\/wp\/v2\/media\/2342"}],"wp:attachment":[{"href":"https:\/\/sunutherapie.com\/en\/wp-json\/wp\/v2\/media?parent=2344"}],"wp:term":[{"taxonomy":"brand","embeddable":true,"href":"https:\/\/sunutherapie.com\/en\/wp-json\/wp\/v2\/etheme_brands?post=2344"},{"taxonomy":"product_brand","embeddable":true,"href":"https:\/\/sunutherapie.com\/en\/wp-json\/wp\/v2\/product_brand?post=2344"},{"taxonomy":"product_cat","embeddable":true,"href":"https:\/\/sunutherapie.com\/en\/wp-json\/wp\/v2\/product_cat?post=2344"},{"taxonomy":"product_tag","embeddable":true,"href":"https:\/\/sunutherapie.com\/en\/wp-json\/wp\/v2\/product_tag?post=2344"}],"curies":[{"name":"wp","href":"https:\/\/api.w.org\/{rel}","templated":true}]}}