{"id":2379,"date":"2024-11-18T17:38:05","date_gmt":"2024-11-18T17:38:05","guid":{"rendered":"https:\/\/sunutherapie.com\/product\/shampoing-chebe-clou-de-girofle\/"},"modified":"2026-04-01T23:16:37","modified_gmt":"2026-04-01T23:16:37","slug":"shampoing-chebe-clou-de-girofle","status":"publish","type":"product","link":"https:\/\/sunutherapie.com\/en\/product\/shampoing-chebe-clou-de-girofle\/","title":{"rendered":"Shampoing Chebe Clou de Girofle"},"content":{"rendered":"","protected":false},"excerpt":{"rendered":"<p>Id\u00e9al pour des cheveux secs et cassants. le Shampoing Bio Nofyaa donne de l\u2019\u00e9clat \u00e0 vous cheveux, les rends plus volumineux et soyeux.<\/p>\n<p>Contenant : 500 ml<\/p>\n<p>Ingr\u00e9dients : Huile de Chebe, Huile de ricin, huile de coco, Huile de Clou de Girofle, Base Shampoing, Menthe poivr\u00e9e, gomme arabique, henn\u00e9&#8230;<\/p>","protected":false},"featured_media":2378,"comment_status":"open","ping_status":"closed","template":"","meta":[],"etheme_brands":[],"product_brand":[],"product_cat":[56,57],"product_tag":[],"class_list":{"0":"post-2379","1":"product","2":"type-product","3":"status-publish","4":"has-post-thumbnail","6":"product_cat-biocosmetiques","7":"product_cat-growing-hair","9":"first","10":"instock","11":"shipping-taxable","12":"purchasable","13":"product-type-simple"},"jetpack_sharing_enabled":true,"_links":{"self":[{"href":"https:\/\/sunutherapie.com\/en\/wp-json\/wp\/v2\/product\/2379","targetHints":{"allow":["GET"]}}],"collection":[{"href":"https:\/\/sunutherapie.com\/en\/wp-json\/wp\/v2\/product"}],"about":[{"href":"https:\/\/sunutherapie.com\/en\/wp-json\/wp\/v2\/types\/product"}],"replies":[{"embeddable":true,"href":"https:\/\/sunutherapie.com\/en\/wp-json\/wp\/v2\/comments?post=2379"}],"version-history":[{"count":3,"href":"https:\/\/sunutherapie.com\/en\/wp-json\/wp\/v2\/product\/2379\/revisions"}],"predecessor-version":[{"id":2429,"href":"https:\/\/sunutherapie.com\/en\/wp-json\/wp\/v2\/product\/2379\/revisions\/2429"}],"wp:featuredmedia":[{"embeddable":true,"href":"https:\/\/sunutherapie.com\/en\/wp-json\/wp\/v2\/media\/2378"}],"wp:attachment":[{"href":"https:\/\/sunutherapie.com\/en\/wp-json\/wp\/v2\/media?parent=2379"}],"wp:term":[{"taxonomy":"brand","embeddable":true,"href":"https:\/\/sunutherapie.com\/en\/wp-json\/wp\/v2\/etheme_brands?post=2379"},{"taxonomy":"product_brand","embeddable":true,"href":"https:\/\/sunutherapie.com\/en\/wp-json\/wp\/v2\/product_brand?post=2379"},{"taxonomy":"product_cat","embeddable":true,"href":"https:\/\/sunutherapie.com\/en\/wp-json\/wp\/v2\/product_cat?post=2379"},{"taxonomy":"product_tag","embeddable":true,"href":"https:\/\/sunutherapie.com\/en\/wp-json\/wp\/v2\/product_tag?post=2379"}],"curies":[{"name":"wp","href":"https:\/\/api.w.org\/{rel}","templated":true}]}}