{"id":2431,"date":"2025-04-15T16:22:24","date_gmt":"2025-04-15T16:22:24","guid":{"rendered":"https:\/\/sunutherapie.com\/?post_type=product&#038;p=2431"},"modified":"2025-07-17T18:16:56","modified_gmt":"2025-07-17T18:16:56","slug":"huile-de-laurier-force-et-equilibre","status":"publish","type":"product","link":"https:\/\/sunutherapie.com\/en\/product\/huile-de-laurier-force-et-equilibre\/","title":{"rendered":"Huile de Laurier : Force et \u00c9quilibre"},"content":{"rendered":"","protected":false},"excerpt":{"rendered":"<h1>Huile de Laurier :<\/h1>\n<h2>Bienfaits :<\/h2>\n<p>L\u2019huile de laurier apaise et purifie le cuir chevelu, stimule la croissance des cheveux, et prot\u00e8ge la peau gr\u00e2ce \u00e0 ses propri\u00e9t\u00e9s antioxydantes et antibact\u00e9riennes.<\/p>\n<h2>Application:<\/h2>\n<p>Pour renforcer les cheveux avec l\u2019huile de laurier, appliquez-la sur les cheveux humides, de la racine aux pointes, et laissez agir au moins 30 minutes avant de rincer. Pour une absorption plus rapide, enveloppez vos cheveux dans une serviette chaude humide<\/p>","protected":false},"featured_media":2480,"comment_status":"open","ping_status":"closed","template":"","meta":[],"etheme_brands":[],"product_brand":[],"product_cat":[58,56,57],"product_tag":[],"class_list":{"0":"post-2431","1":"product","2":"type-product","3":"status-publish","4":"has-post-thumbnail","6":"product_cat-bien-etre-du-coprs","7":"product_cat-biocosmetiques","8":"product_cat-growing-hair","10":"first","11":"instock","12":"shipping-taxable","13":"purchasable","14":"product-type-simple"},"jetpack_sharing_enabled":true,"_links":{"self":[{"href":"https:\/\/sunutherapie.com\/en\/wp-json\/wp\/v2\/product\/2431","targetHints":{"allow":["GET"]}}],"collection":[{"href":"https:\/\/sunutherapie.com\/en\/wp-json\/wp\/v2\/product"}],"about":[{"href":"https:\/\/sunutherapie.com\/en\/wp-json\/wp\/v2\/types\/product"}],"replies":[{"embeddable":true,"href":"https:\/\/sunutherapie.com\/en\/wp-json\/wp\/v2\/comments?post=2431"}],"version-history":[{"count":1,"href":"https:\/\/sunutherapie.com\/en\/wp-json\/wp\/v2\/product\/2431\/revisions"}],"predecessor-version":[{"id":2449,"href":"https:\/\/sunutherapie.com\/en\/wp-json\/wp\/v2\/product\/2431\/revisions\/2449"}],"wp:featuredmedia":[{"embeddable":true,"href":"https:\/\/sunutherapie.com\/en\/wp-json\/wp\/v2\/media\/2480"}],"wp:attachment":[{"href":"https:\/\/sunutherapie.com\/en\/wp-json\/wp\/v2\/media?parent=2431"}],"wp:term":[{"taxonomy":"brand","embeddable":true,"href":"https:\/\/sunutherapie.com\/en\/wp-json\/wp\/v2\/etheme_brands?post=2431"},{"taxonomy":"product_brand","embeddable":true,"href":"https:\/\/sunutherapie.com\/en\/wp-json\/wp\/v2\/product_brand?post=2431"},{"taxonomy":"product_cat","embeddable":true,"href":"https:\/\/sunutherapie.com\/en\/wp-json\/wp\/v2\/product_cat?post=2431"},{"taxonomy":"product_tag","embeddable":true,"href":"https:\/\/sunutherapie.com\/en\/wp-json\/wp\/v2\/product_tag?post=2431"}],"curies":[{"name":"wp","href":"https:\/\/api.w.org\/{rel}","templated":true}]}}