{"id":2454,"date":"2025-05-13T09:45:38","date_gmt":"2025-05-13T09:45:38","guid":{"rendered":"https:\/\/sunutherapie.com\/product\/graines-de-chia\/"},"modified":"2025-08-11T10:29:00","modified_gmt":"2025-08-11T10:29:00","slug":"graines-de-chia-fibres-omega-anti-colopathie","status":"publish","type":"product","link":"https:\/\/sunutherapie.com\/en\/product\/graines-de-chia-fibres-omega-anti-colopathie\/","title":{"rendered":"Graines de Chia"},"content":{"rendered":"<p>D\u00e9couvrez les incroyables bienfaits des <a href=\"https:\/\/sunutherapie.com\/en\/2024\/10\/25\/learn-how-to-design-cool-modern-websites-2\/\">graines de chia<\/a>, un super-aliment naturel aux vertus exceptionnelles pour votre sant\u00e9 et votre bien-\u00eatre. Riches en fibres, les graines de chia sont un alli\u00e9 pr\u00e9cieux pour am\u00e9liorer le transit intestinal et combattre efficacement la constipation. Leur forte teneur en fibres favorise la r\u00e9gulation digestive, contribuant ainsi \u00e0 soulager les sympt\u00f4mes de la colopathie fonctionnelle, un trouble fr\u00e9quent du c\u00f4lon.<\/p>\n<p>&nbsp;<\/p>\n<p>Au-del\u00e0 de leur action sur le syst\u00e8me digestif, les graines de chia sont une source exceptionnelle d&rsquo;om\u00e9ga 3, des acides gras essentiels reconnus pour leurs propri\u00e9t\u00e9s cardio-vasculaires. Les om\u00e9ga 3 offrent \u00e0 r\u00e9duire le cholest\u00e9rol et \u00e0 maintenir une pression art\u00e9rielle optimale, favorisant ainsi une meilleure sant\u00e9 cardiovasculaire au quotidien.<\/p>\n<p>&nbsp;<\/p>\n<p>Le calcium, \u00e9galement pr\u00e9sent dans les graines de chia, joue un r\u00f4le fondamental dans le renforcement des os et des dents. Il participe \u00e0 la pr\u00e9vention de l&rsquo;ost\u00e9oporose et assure la solidit\u00e9 de votre structure osseuse, gage d&rsquo;une qualit\u00e9 de vie durable.<\/p>\n<p>&nbsp;<\/p>\n<p>En int\u00e9grant les graines de chia dans votre alimentation, vous b\u00e9n\u00e9ficiez d&rsquo;un cocktail naturel qui allie sati\u00e9t\u00e9, contr\u00f4le du poids et soutien digestif gr\u00e2ce \u00e0 leurs fibres, \u00e0 l&rsquo;efficacit\u00e9 des om\u00e9ga 3 et au calcium. Un geste simple pour prendre soin de votre corps, naturellement et efficacement, en limitant les d\u00e9sagr\u00e9ments li\u00e9s \u00e0 la constipation et en prot\u00e9geant votre sant\u00e9 intestinale contre la colopathie fonctionnelle. Adoptez les graines de chia, la solution bio et marketing pour un bien-\u00eatre quotidien durable.<\/p>","protected":false},"excerpt":{"rendered":"<p>D\u00e9couvrez les incroyables bienfaits des graines de chia, un super-aliment naturel aux vertus exceptionnelles pour votre sant\u00e9 et votre bien-\u00eatre. Riches en fibres, les graines de chia sont un alli\u00e9 pr\u00e9cieux pour am\u00e9liorer le transit intestinal et combattre efficacement la constipation. Leur forte teneur en fibres favorise la r\u00e9gulation digestive, contribuant ainsi \u00e0 soulager les sympt\u00f4mes de la colopathie fonctionnelle, un trouble fr\u00e9quent du c\u00f4lon.<\/p>\n<p>&nbsp;<\/p>\n<p>Au-del\u00e0 de leur action sur le syst\u00e8me digestif, les graines de chia sont une source exceptionnelle d&rsquo;om\u00e9ga 3, des acides gras essentiels reconnus pour leurs propri\u00e9t\u00e9s cardio-vasculaires. Les om\u00e9ga 3 offrent \u00e0 r\u00e9duire le cholest\u00e9rol et \u00e0 maintenir une pression art\u00e9rielle optimale, favorisant ainsi une meilleure sant\u00e9 cardiovasculaire au quotidien.<\/p>\n<p>&nbsp;<\/p>\n<p>Le calcium, \u00e9galement pr\u00e9sent dans les graines de chia, joue un r\u00f4le fondamental dans le renforcement des os et des dents. Il participe \u00e0 la pr\u00e9vention de l&rsquo;ost\u00e9oporose et assure la solidit\u00e9 de votre structure osseuse, gage d&rsquo;une qualit\u00e9 de vie durable.<\/p>\n<p>&nbsp;<\/p>\n<p>En int\u00e9grant les graines de chia dans votre alimentation, vous b\u00e9n\u00e9ficiez d&rsquo;un cocktail naturel qui allie sati\u00e9t\u00e9, contr\u00f4le du poids et soutien digestif gr\u00e2ce \u00e0 leurs <strong>fibres<\/strong>, \u00e0 l&rsquo;efficacit\u00e9 des <strong>om\u00e9ga 3<\/strong> et au <strong>calcium<\/strong>. Un geste simple pour prendre soin de votre corps, naturellement et efficacement, en limitant les d\u00e9sagr\u00e9ments li\u00e9s \u00e0 la constipation et en prot\u00e9geant votre sant\u00e9 intestinale contre la <strong>colopathie fonctionnelle<\/strong>. Adoptez les <strong>graines<\/strong> de <strong>chia<\/strong>, la solution naturelle pour un bien-\u00eatre quotidien durable.<\/p>\n<p><span style=\"color: #99cc00;\"><strong>GRAINES DE CHIA\u00a0 = FIBRES + OMEGA 3 + CALCIUM = ANTI COLOPATHIE = ANTI CONSTIPATION<\/strong><\/span><\/p>\n<h1><\/h1>\n<h1>BIENFAITS:<\/h1>\n<ol>\n<li>Les graines de Chia offrent de nombreux bienfaits pour la sant\u00e9 comme la sati\u00e9t\u00e9 et le contr\u00f4le du poids.<\/li>\n<li>Les om\u00e9ga 3 r\u00e9duisent le cholest\u00e9rol et la pression art\u00e9rielle.<\/li>\n<li>Les fibres am\u00e9liorent le transit intestinal.<\/li>\n<li>Le calcium renforce les os et les dents.<\/li>\n<\/ol>\n<h1>MODE D&rsquo;UTILISATION:<\/h1>\n<h3>Pudding de chia:<\/h3>\n<ul>\n<li>M\u00e9langez 3 cuill\u00e8res \u00e0 soupe de graines de chia avec 250 ml de lait (ou lait v\u00e9g\u00e9tal).<\/li>\n<li>Laissez reposer au r\u00e9frig\u00e9rateur pendant la nuit.<\/li>\n<li>Ajoutez des fruits frais, du miel ou des noix pour plus de saveur.<\/li>\n<\/ul>\n<h3>Smoothies:<\/h3>\n<ul>\n<li>Ajoutez 1 \u00e0 2 cuill\u00e8res \u00e0 soupe de graines de chia dans votre smoothie pr\u00e9f\u00e9r\u00e9 pour un boost de fibres et dom\u00e9ga-3.<\/li>\n<\/ul>\n<h3>Salades:<\/h3>\n<ul>\n<li>Saupoudrez des graines de chia sur vos salades pour<\/li>\n<li>ajouter du croquant et des nutriments.<\/li>\n<\/ul>\n<p><a href=\"https:\/\/sunutherapie.com\/en\/2024\/10\/25\/learn-how-to-design-cool-modern-websites-2\/\" target=\"_blank\" rel=\"noopener\">En savoir plus sur les graines de Chia<\/a><\/p>","protected":false},"featured_media":2485,"comment_status":"open","ping_status":"closed","template":"","meta":[],"etheme_brands":[],"product_brand":[],"product_cat":[60,63,58,61],"product_tag":[],"class_list":{"0":"post-2454","1":"product","2":"type-product","3":"status-publish","4":"has-post-thumbnail","6":"product_cat-a-la-une","7":"product_cat-aliment-sain","8":"product_cat-bien-etre-du-coprs","9":"product_cat-bien-etre","11":"first","12":"instock","13":"sale","14":"shipping-taxable","15":"purchasable","16":"product-type-simple"},"jetpack_sharing_enabled":true,"_links":{"self":[{"href":"https:\/\/sunutherapie.com\/en\/wp-json\/wp\/v2\/product\/2454","targetHints":{"allow":["GET"]}}],"collection":[{"href":"https:\/\/sunutherapie.com\/en\/wp-json\/wp\/v2\/product"}],"about":[{"href":"https:\/\/sunutherapie.com\/en\/wp-json\/wp\/v2\/types\/product"}],"replies":[{"embeddable":true,"href":"https:\/\/sunutherapie.com\/en\/wp-json\/wp\/v2\/comments?post=2454"}],"version-history":[{"count":4,"href":"https:\/\/sunutherapie.com\/en\/wp-json\/wp\/v2\/product\/2454\/revisions"}],"predecessor-version":[{"id":2531,"href":"https:\/\/sunutherapie.com\/en\/wp-json\/wp\/v2\/product\/2454\/revisions\/2531"}],"wp:featuredmedia":[{"embeddable":true,"href":"https:\/\/sunutherapie.com\/en\/wp-json\/wp\/v2\/media\/2485"}],"wp:attachment":[{"href":"https:\/\/sunutherapie.com\/en\/wp-json\/wp\/v2\/media?parent=2454"}],"wp:term":[{"taxonomy":"brand","embeddable":true,"href":"https:\/\/sunutherapie.com\/en\/wp-json\/wp\/v2\/etheme_brands?post=2454"},{"taxonomy":"product_brand","embeddable":true,"href":"https:\/\/sunutherapie.com\/en\/wp-json\/wp\/v2\/product_brand?post=2454"},{"taxonomy":"product_cat","embeddable":true,"href":"https:\/\/sunutherapie.com\/en\/wp-json\/wp\/v2\/product_cat?post=2454"},{"taxonomy":"product_tag","embeddable":true,"href":"https:\/\/sunutherapie.com\/en\/wp-json\/wp\/v2\/product_tag?post=2454"}],"curies":[{"name":"wp","href":"https:\/\/api.w.org\/{rel}","templated":true}]}}