{"id":2610,"date":"2025-09-26T21:29:44","date_gmt":"2025-09-26T21:29:44","guid":{"rendered":"https:\/\/sunutherapie.com\/product\/catalogue-the-rapie-les-infusions-therapeutiques\/"},"modified":"2025-10-21T18:50:28","modified_gmt":"2025-10-21T18:50:28","slug":"catalogue-the-rapie-les-infusions-therapeutiques","status":"publish","type":"product","link":"https:\/\/sunutherapie.com\/en\/product\/catalogue-the-rapie-les-infusions-therapeutiques\/","title":{"rendered":"Catalogue Th\u00e9 Rapie : les infusions th\u00e9rapeutiques"},"content":{"rendered":"","protected":false},"excerpt":{"rendered":"<h4>Chez Th\u00e9 Rapie, nous r\u00e9volutionnons le bien-\u00eatre quotidien en ciblant les tracas qui touchent 1 professionnel sur 3 : ballonnements, stress, insomnie, fatigue, baisse de libido et troubles respiratoires. Nos infusions sur-mesure, \u00e9labor\u00e9es \u00e0 partir de plantes th\u00e9rapeutiques et fruits locaux, sont riches en antioxydants, anti-inflammatoires et vitamines, pour une efficacit\u00e9 naturelle et durable. Port\u00e9s par une d\u00e9marche \u00e9coresponsable et locale, nous combinons phytoth\u00e9rapie traditionnelle et innovation pour offrir des solutions authentiques, saines et savoureuses. Th\u00e9 Rapie, c\u2019est l\u2019alliance parfaite entre nature et science, une start-up \u00e0 fort potentiel qui r\u00e9pond \u00e0 l\u2019urgence du bien-\u00eatre au travail, avec des produits qui transforment la pause en un moment de soin et de vitalit\u00e9.<\/h4>\n<p><em>Cliquez ici <\/em>\ud83d\udc47\ud83c\udffe<em> pour visualiser notre catalogue :<\/em><\/p>\n<p><em><a href=\"https:\/\/sunutherapie.com\/wp-content\/uploads\/2025\/09\/CATALOGUE-THE-RAPIE-6.pdf\" target=\"_blank\" rel=\"noopener\">Catalogue Th\u00e9 Rapie<\/a><\/em><\/p>","protected":false},"featured_media":2608,"comment_status":"open","ping_status":"closed","template":"","meta":[],"etheme_brands":[],"product_brand":[],"product_cat":[52],"product_tag":[],"class_list":{"0":"post-2610","1":"product","2":"type-product","3":"status-publish","4":"has-post-thumbnail","6":"product_cat-infusions-et-thes","8":"first","9":"instock","10":"featured","11":"downloadable","12":"virtual","13":"product-type-simple"},"jetpack_sharing_enabled":true,"_links":{"self":[{"href":"https:\/\/sunutherapie.com\/en\/wp-json\/wp\/v2\/product\/2610","targetHints":{"allow":["GET"]}}],"collection":[{"href":"https:\/\/sunutherapie.com\/en\/wp-json\/wp\/v2\/product"}],"about":[{"href":"https:\/\/sunutherapie.com\/en\/wp-json\/wp\/v2\/types\/product"}],"replies":[{"embeddable":true,"href":"https:\/\/sunutherapie.com\/en\/wp-json\/wp\/v2\/comments?post=2610"}],"version-history":[{"count":3,"href":"https:\/\/sunutherapie.com\/en\/wp-json\/wp\/v2\/product\/2610\/revisions"}],"predecessor-version":[{"id":2624,"href":"https:\/\/sunutherapie.com\/en\/wp-json\/wp\/v2\/product\/2610\/revisions\/2624"}],"wp:featuredmedia":[{"embeddable":true,"href":"https:\/\/sunutherapie.com\/en\/wp-json\/wp\/v2\/media\/2608"}],"wp:attachment":[{"href":"https:\/\/sunutherapie.com\/en\/wp-json\/wp\/v2\/media?parent=2610"}],"wp:term":[{"taxonomy":"brand","embeddable":true,"href":"https:\/\/sunutherapie.com\/en\/wp-json\/wp\/v2\/etheme_brands?post=2610"},{"taxonomy":"product_brand","embeddable":true,"href":"https:\/\/sunutherapie.com\/en\/wp-json\/wp\/v2\/product_brand?post=2610"},{"taxonomy":"product_cat","embeddable":true,"href":"https:\/\/sunutherapie.com\/en\/wp-json\/wp\/v2\/product_cat?post=2610"},{"taxonomy":"product_tag","embeddable":true,"href":"https:\/\/sunutherapie.com\/en\/wp-json\/wp\/v2\/product_tag?post=2610"}],"curies":[{"name":"wp","href":"https:\/\/api.w.org\/{rel}","templated":true}]}}