{"id":5,"date":"2022-04-13T13:12:30","date_gmt":"2022-04-13T13:12:30","guid":{"rendered":"https:\/\/xstore.8theme.com\/elementor\/demos\/business02\/shop\/"},"modified":"2025-08-11T15:06:36","modified_gmt":"2025-08-11T15:06:36","slug":"shop-produits-sunutherapie-infusions-biocosmetiques","status":"publish","type":"page","link":"https:\/\/sunutherapie.com\/fr_fr\/shop-produits-sunutherapie-infusions-biocosmetiques\/","title":{"rendered":"Shop"},"content":{"rendered":"\n<figure class=\"wp-block-gallery has-nested-images columns-default is-cropped wp-block-gallery-1 is-layout-flex wp-block-gallery-is-layout-flex\">\n<figure class=\"wp-block-image size-large\"><a href=\"https:\/\/sunutherapie.com\/product\/pack-the-rapide-booster-denergie-et-libido-soulage-rhume-anti-stress\/\"><img loading=\"lazy\" loading=\"lazy\" decoding=\"async\" width=\"1024\" height=\"768\" data-id=\"2513\" src=\"https:\/\/sunutherapie.com\/wp-content\/uploads\/2025\/07\/22-DSC00050-copie-1024x768.jpg\" alt=\"\" class=\"wp-image-2513\" srcset=\"https:\/\/sunutherapie.com\/wp-content\/uploads\/2025\/07\/22-DSC00050-copie-1024x768.jpg 1024w, https:\/\/sunutherapie.com\/wp-content\/uploads\/2025\/07\/22-DSC00050-copie-300x225.jpg 300w, https:\/\/sunutherapie.com\/wp-content\/uploads\/2025\/07\/22-DSC00050-copie-768x576.jpg 768w, https:\/\/sunutherapie.com\/wp-content\/uploads\/2025\/07\/22-DSC00050-copie-1536x1152.jpg 1536w, https:\/\/sunutherapie.com\/wp-content\/uploads\/2025\/07\/22-DSC00050-copie-2048x1536.jpg 2048w, https:\/\/sunutherapie.com\/wp-content\/uploads\/2025\/07\/22-DSC00050-copie-16x12.jpg 16w, https:\/\/sunutherapie.com\/wp-content\/uploads\/2025\/07\/22-DSC00050-copie-600x450.jpg 600w, https:\/\/sunutherapie.com\/wp-content\/uploads\/2025\/07\/22-DSC00050-copie-1x1.jpg 1w, https:\/\/sunutherapie.com\/wp-content\/uploads\/2025\/07\/22-DSC00050-copie-10x7.jpg 10w\" sizes=\"auto, (max-width: 1024px) 100vw, 1024px\" \/><\/a><figcaption class=\"wp-element-caption\">Les 4 essentiels bien-\u00eatre sign\u00e9s Th\u00e9 Rapie : antistress, soulagement du rhume, \u00e9nergie &amp; libido, anti-ballonnements \u2014 la nature au service de votre \u00e9quilibre.<\/figcaption><\/figure>\n\n\n\n<figure class=\"wp-block-image size-large\"><img loading=\"lazy\" loading=\"lazy\" decoding=\"async\" width=\"997\" height=\"1024\" data-id=\"2510\" src=\"https:\/\/sunutherapie.com\/wp-content\/uploads\/2025\/07\/photo-therapie-1-997x1024.jpg\" alt=\"Boite d'infusion sunutherapie\" class=\"wp-image-2510\" srcset=\"https:\/\/sunutherapie.com\/wp-content\/uploads\/2025\/07\/photo-therapie-1-997x1024.jpg 997w, https:\/\/sunutherapie.com\/wp-content\/uploads\/2025\/07\/photo-therapie-1-292x300.jpg 292w, https:\/\/sunutherapie.com\/wp-content\/uploads\/2025\/07\/photo-therapie-1-768x789.jpg 768w, https:\/\/sunutherapie.com\/wp-content\/uploads\/2025\/07\/photo-therapie-1-1496x1536.jpg 1496w, https:\/\/sunutherapie.com\/wp-content\/uploads\/2025\/07\/photo-therapie-1-1994x2048.jpg 1994w, https:\/\/sunutherapie.com\/wp-content\/uploads\/2025\/07\/photo-therapie-1-12x12.jpg 12w, https:\/\/sunutherapie.com\/wp-content\/uploads\/2025\/07\/photo-therapie-1-600x616.jpg 600w, https:\/\/sunutherapie.com\/wp-content\/uploads\/2025\/07\/photo-therapie-1-1x1.jpg 1w, https:\/\/sunutherapie.com\/wp-content\/uploads\/2025\/07\/photo-therapie-1-10x10.jpg 10w\" sizes=\"auto, (max-width: 997px) 100vw, 997px\" \/><figcaption class=\"wp-element-caption\">Offrir Th\u00e9 Rapie, c\u2019est partager un instant de bien-\u00eatre et de raffinement, dans la pure tradition de la Teranga s\u00e9n\u00e9galaise<\/figcaption><\/figure>\n\n\n\n<figure class=\"wp-block-image size-large\"><a class=\"<a href=&quot;url-de-votre-produit&quot; class=&quot;lien-produit-photo&quot;&gt;   <img src=&quot;chemin\/vers\/image-produit.jpg&quot; alt=&quot;Nom du produit&quot;&gt; <\/a&gt;\" href=\"https:\/\/sunutherapie.com\/product\/soulage-rhume\/\" rel=\"Soulage Rhume : pour les sinusites, asthmatiques, allergies saisonni\u00e8res\"><img loading=\"lazy\" loading=\"lazy\" decoding=\"async\" width=\"1024\" height=\"768\" data-id=\"2340\" src=\"https:\/\/sunutherapie.com\/wp-content\/uploads\/2024\/11\/14-DSC00082copie-1024x768.jpg\" alt=\"\" class=\"wp-image-2340\" srcset=\"https:\/\/sunutherapie.com\/wp-content\/uploads\/2024\/11\/14-DSC00082copie-1024x768.jpg 1024w, https:\/\/sunutherapie.com\/wp-content\/uploads\/2024\/11\/14-DSC00082copie-300x225.jpg 300w, https:\/\/sunutherapie.com\/wp-content\/uploads\/2024\/11\/14-DSC00082copie-768x576.jpg 768w, https:\/\/sunutherapie.com\/wp-content\/uploads\/2024\/11\/14-DSC00082copie-1536x1152.jpg 1536w, https:\/\/sunutherapie.com\/wp-content\/uploads\/2024\/11\/14-DSC00082copie-2048x1536.jpg 2048w, https:\/\/sunutherapie.com\/wp-content\/uploads\/2024\/11\/14-DSC00082copie-16x12.jpg 16w, https:\/\/sunutherapie.com\/wp-content\/uploads\/2024\/11\/14-DSC00082copie-600x450.jpg 600w, https:\/\/sunutherapie.com\/wp-content\/uploads\/2024\/11\/14-DSC00082copie-1x1.jpg 1w, https:\/\/sunutherapie.com\/wp-content\/uploads\/2024\/11\/14-DSC00082copie-10x8.jpg 10w\" sizes=\"auto, (max-width: 1024px) 100vw, 1024px\" \/><\/a><\/figure>\n\n\n\n<figure class=\"wp-block-image size-large\"><a href=\"https:\/\/sunutherapie.com\/product\/infusion-antistress-douceur-rouge-sommeil-detente\/\"><img loading=\"lazy\" loading=\"lazy\" decoding=\"async\" width=\"1024\" height=\"576\" data-id=\"2338\" src=\"https:\/\/sunutherapie.com\/wp-content\/uploads\/2024\/11\/DSC00060copie-1-1024x576.jpg\" alt=\"\" class=\"wp-image-2338\" srcset=\"https:\/\/sunutherapie.com\/wp-content\/uploads\/2024\/11\/DSC00060copie-1-1024x576.jpg 1024w, https:\/\/sunutherapie.com\/wp-content\/uploads\/2024\/11\/DSC00060copie-1-300x169.jpg 300w, https:\/\/sunutherapie.com\/wp-content\/uploads\/2024\/11\/DSC00060copie-1-768x432.jpg 768w, https:\/\/sunutherapie.com\/wp-content\/uploads\/2024\/11\/DSC00060copie-1-1536x864.jpg 1536w, https:\/\/sunutherapie.com\/wp-content\/uploads\/2024\/11\/DSC00060copie-1-18x10.jpg 18w, https:\/\/sunutherapie.com\/wp-content\/uploads\/2024\/11\/DSC00060copie-1-600x338.jpg 600w, https:\/\/sunutherapie.com\/wp-content\/uploads\/2024\/11\/DSC00060copie-1-1x1.jpg 1w, https:\/\/sunutherapie.com\/wp-content\/uploads\/2024\/11\/DSC00060copie-1-10x6.jpg 10w, https:\/\/sunutherapie.com\/wp-content\/uploads\/2024\/11\/DSC00060copie-1.jpg 1680w\" sizes=\"auto, (max-width: 1024px) 100vw, 1024px\" \/><\/a><\/figure>\n\n\n\n<figure class=\"wp-block-image size-large\"><a href=\"https:\/\/sunutherapie.com\/product\/booster-denergie-libido-homme-infusion-naturelle\/\"><img loading=\"lazy\" loading=\"lazy\" decoding=\"async\" width=\"1024\" height=\"768\" data-id=\"2335\" src=\"https:\/\/sunutherapie.com\/wp-content\/uploads\/2024\/11\/17-DSC00072-1024x768.jpg\" alt=\"\" class=\"wp-image-2335\" srcset=\"https:\/\/sunutherapie.com\/wp-content\/uploads\/2024\/11\/17-DSC00072-1024x768.jpg 1024w, https:\/\/sunutherapie.com\/wp-content\/uploads\/2024\/11\/17-DSC00072-300x225.jpg 300w, https:\/\/sunutherapie.com\/wp-content\/uploads\/2024\/11\/17-DSC00072-768x576.jpg 768w, https:\/\/sunutherapie.com\/wp-content\/uploads\/2024\/11\/17-DSC00072-1536x1152.jpg 1536w, https:\/\/sunutherapie.com\/wp-content\/uploads\/2024\/11\/17-DSC00072-2048x1536.jpg 2048w, https:\/\/sunutherapie.com\/wp-content\/uploads\/2024\/11\/17-DSC00072-16x12.jpg 16w, https:\/\/sunutherapie.com\/wp-content\/uploads\/2024\/11\/17-DSC00072-600x450.jpg 600w, https:\/\/sunutherapie.com\/wp-content\/uploads\/2024\/11\/17-DSC00072-1x1.jpg 1w, https:\/\/sunutherapie.com\/wp-content\/uploads\/2024\/11\/17-DSC00072-10x8.jpg 10w\" sizes=\"auto, (max-width: 1024px) 100vw, 1024px\" \/><\/a><\/figure>\n\n\n\n<figure class=\"wp-block-image size-large\"><a href=\"https:\/\/sunutherapie.com\/product\/infusion-anti-ballonnement-gaz-digestion\/\"><img loading=\"lazy\" loading=\"lazy\" decoding=\"async\" width=\"1024\" height=\"768\" data-id=\"2333\" src=\"https:\/\/sunutherapie.com\/wp-content\/uploads\/2024\/11\/11-DSC00100-1024x768.jpg\" alt=\"\" class=\"wp-image-2333\" srcset=\"https:\/\/sunutherapie.com\/wp-content\/uploads\/2024\/11\/11-DSC00100-1024x768.jpg 1024w, https:\/\/sunutherapie.com\/wp-content\/uploads\/2024\/11\/11-DSC00100-300x225.jpg 300w, https:\/\/sunutherapie.com\/wp-content\/uploads\/2024\/11\/11-DSC00100-768x576.jpg 768w, https:\/\/sunutherapie.com\/wp-content\/uploads\/2024\/11\/11-DSC00100-1536x1152.jpg 1536w, https:\/\/sunutherapie.com\/wp-content\/uploads\/2024\/11\/11-DSC00100-2048x1536.jpg 2048w, https:\/\/sunutherapie.com\/wp-content\/uploads\/2024\/11\/11-DSC00100-16x12.jpg 16w, https:\/\/sunutherapie.com\/wp-content\/uploads\/2024\/11\/11-DSC00100-600x450.jpg 600w, https:\/\/sunutherapie.com\/wp-content\/uploads\/2024\/11\/11-DSC00100-1x1.jpg 1w, https:\/\/sunutherapie.com\/wp-content\/uploads\/2024\/11\/11-DSC00100-10x8.jpg 10w\" sizes=\"auto, (max-width: 1024px) 100vw, 1024px\" \/><\/a><\/figure>\n\n\n\n<figure class=\"wp-block-image size-large\"><a href=\"https:\/\/sunutherapie.com\/product\/wass-instantane-energie-et-gout\/\"><img loading=\"lazy\" loading=\"lazy\" decoding=\"async\" width=\"768\" height=\"1024\" data-id=\"2464\" src=\"https:\/\/sunutherapie.com\/wp-content\/uploads\/2025\/05\/img_1663-768x1024.jpeg\" alt=\"\" class=\"wp-image-2464\" srcset=\"https:\/\/sunutherapie.com\/wp-content\/uploads\/2025\/05\/img_1663-768x1024.jpeg 768w, https:\/\/sunutherapie.com\/wp-content\/uploads\/2025\/05\/img_1663-225x300.jpeg 225w, https:\/\/sunutherapie.com\/wp-content\/uploads\/2025\/05\/img_1663-1152x1536.jpeg 1152w, https:\/\/sunutherapie.com\/wp-content\/uploads\/2025\/05\/img_1663-1536x2048.jpeg 1536w, https:\/\/sunutherapie.com\/wp-content\/uploads\/2025\/05\/img_1663-9x12.jpeg 9w, https:\/\/sunutherapie.com\/wp-content\/uploads\/2025\/05\/img_1663-600x800.jpeg 600w, https:\/\/sunutherapie.com\/wp-content\/uploads\/2025\/05\/img_1663-1x1.jpeg 1w, https:\/\/sunutherapie.com\/wp-content\/uploads\/2025\/05\/img_1663-8x10.jpeg 8w, https:\/\/sunutherapie.com\/wp-content\/uploads\/2025\/05\/img_1663-scaled.jpeg 1920w\" sizes=\"auto, (max-width: 768px) 100vw, 768px\" \/><\/a><\/figure>\n\n\n\n<figure class=\"wp-block-image size-large\"><img loading=\"lazy\" loading=\"lazy\" decoding=\"async\" width=\"768\" height=\"1024\" data-id=\"2465\" src=\"https:\/\/sunutherapie.com\/wp-content\/uploads\/2025\/05\/img_1654-768x1024.jpeg\" alt=\"\" class=\"wp-image-2465\" srcset=\"https:\/\/sunutherapie.com\/wp-content\/uploads\/2025\/05\/img_1654-768x1024.jpeg 768w, https:\/\/sunutherapie.com\/wp-content\/uploads\/2025\/05\/img_1654-225x300.jpeg 225w, https:\/\/sunutherapie.com\/wp-content\/uploads\/2025\/05\/img_1654-1152x1536.jpeg 1152w, https:\/\/sunutherapie.com\/wp-content\/uploads\/2025\/05\/img_1654-1536x2048.jpeg 1536w, https:\/\/sunutherapie.com\/wp-content\/uploads\/2025\/05\/img_1654-9x12.jpeg 9w, https:\/\/sunutherapie.com\/wp-content\/uploads\/2025\/05\/img_1654-600x800.jpeg 600w, https:\/\/sunutherapie.com\/wp-content\/uploads\/2025\/05\/img_1654-1x1.jpeg 1w, https:\/\/sunutherapie.com\/wp-content\/uploads\/2025\/05\/img_1654-8x10.jpeg 8w, https:\/\/sunutherapie.com\/wp-content\/uploads\/2025\/05\/img_1654-scaled.jpeg 1920w\" sizes=\"auto, (max-width: 768px) 100vw, 768px\" \/><\/figure>\n\n\n\n<figure class=\"wp-block-image size-large\"><a href=\"https:\/\/sunutherapie.com\/product\/graines-de-chia-fibres-omega-anti-colopathie\/\"><img loading=\"lazy\" loading=\"lazy\" decoding=\"async\" width=\"768\" height=\"1024\" data-id=\"2485\" src=\"https:\/\/sunutherapie.com\/wp-content\/uploads\/2025\/05\/img_1564-768x1024.jpeg\" alt=\"Sachet en Kraft de 100g de graines de Chia. Sachet thermosoud\u00e9 pour une bonne protection. Les graines de Chia sont riches en fibres, en Om\u00e9ga 3 et en Calcium.\" class=\"wp-image-2485\" srcset=\"https:\/\/sunutherapie.com\/wp-content\/uploads\/2025\/05\/img_1564-768x1024.jpeg 768w, https:\/\/sunutherapie.com\/wp-content\/uploads\/2025\/05\/img_1564-225x300.jpeg 225w, https:\/\/sunutherapie.com\/wp-content\/uploads\/2025\/05\/img_1564-1152x1536.jpeg 1152w, https:\/\/sunutherapie.com\/wp-content\/uploads\/2025\/05\/img_1564-1536x2048.jpeg 1536w, https:\/\/sunutherapie.com\/wp-content\/uploads\/2025\/05\/img_1564-9x12.jpeg 9w, https:\/\/sunutherapie.com\/wp-content\/uploads\/2025\/05\/img_1564-600x800.jpeg 600w, https:\/\/sunutherapie.com\/wp-content\/uploads\/2025\/05\/img_1564-1x1.jpeg 1w, https:\/\/sunutherapie.com\/wp-content\/uploads\/2025\/05\/img_1564-8x10.jpeg 8w, https:\/\/sunutherapie.com\/wp-content\/uploads\/2025\/05\/img_1564-scaled.jpeg 1920w\" sizes=\"auto, (max-width: 768px) 100vw, 768px\" \/><\/a><\/figure>\n\n\n\n<figure class=\"wp-block-image size-large\"><a href=\"https:\/\/sunutherapie.com\/product\/gamme-capillaire-chebe-clou-de-girofle\/\"><img loading=\"lazy\" loading=\"lazy\" decoding=\"async\" width=\"1024\" height=\"768\" data-id=\"2393\" src=\"https:\/\/sunutherapie.com\/wp-content\/uploads\/2024\/12\/8-dsc00131-1024x768.jpeg\" alt=\"\" class=\"wp-image-2393\" srcset=\"https:\/\/sunutherapie.com\/wp-content\/uploads\/2024\/12\/8-dsc00131-1024x768.jpeg 1024w, https:\/\/sunutherapie.com\/wp-content\/uploads\/2024\/12\/8-dsc00131-300x225.jpeg 300w, https:\/\/sunutherapie.com\/wp-content\/uploads\/2024\/12\/8-dsc00131-768x576.jpeg 768w, https:\/\/sunutherapie.com\/wp-content\/uploads\/2024\/12\/8-dsc00131-1536x1152.jpeg 1536w, https:\/\/sunutherapie.com\/wp-content\/uploads\/2024\/12\/8-dsc00131-2048x1536.jpeg 2048w, https:\/\/sunutherapie.com\/wp-content\/uploads\/2024\/12\/8-dsc00131-16x12.jpeg 16w, https:\/\/sunutherapie.com\/wp-content\/uploads\/2024\/12\/8-dsc00131-600x450.jpeg 600w, https:\/\/sunutherapie.com\/wp-content\/uploads\/2024\/12\/8-dsc00131-1x1.jpeg 1w, https:\/\/sunutherapie.com\/wp-content\/uploads\/2024\/12\/8-dsc00131-10x8.jpeg 10w\" sizes=\"auto, (max-width: 1024px) 100vw, 1024px\" \/><\/a><\/figure>\n\n\n\n<figure class=\"wp-block-image size-large\"><a href=\"https:\/\/sunutherapie.com\/product\/shampoing-chebe-clou-de-girofle\/\"><img loading=\"lazy\" loading=\"lazy\" decoding=\"async\" width=\"1024\" height=\"768\" data-id=\"2378\" src=\"https:\/\/sunutherapie.com\/wp-content\/uploads\/2024\/11\/7-DSC00140-2-1024x768.jpg\" alt=\"\" class=\"wp-image-2378\" srcset=\"https:\/\/sunutherapie.com\/wp-content\/uploads\/2024\/11\/7-DSC00140-2-1024x768.jpg 1024w, https:\/\/sunutherapie.com\/wp-content\/uploads\/2024\/11\/7-DSC00140-2-300x225.jpg 300w, https:\/\/sunutherapie.com\/wp-content\/uploads\/2024\/11\/7-DSC00140-2-768x576.jpg 768w, https:\/\/sunutherapie.com\/wp-content\/uploads\/2024\/11\/7-DSC00140-2-1536x1152.jpg 1536w, https:\/\/sunutherapie.com\/wp-content\/uploads\/2024\/11\/7-DSC00140-2-2048x1536.jpg 2048w, https:\/\/sunutherapie.com\/wp-content\/uploads\/2024\/11\/7-DSC00140-2-16x12.jpg 16w, https:\/\/sunutherapie.com\/wp-content\/uploads\/2024\/11\/7-DSC00140-2-600x450.jpg 600w, https:\/\/sunutherapie.com\/wp-content\/uploads\/2024\/11\/7-DSC00140-2-1x1.jpg 1w, https:\/\/sunutherapie.com\/wp-content\/uploads\/2024\/11\/7-DSC00140-2-10x8.jpg 10w\" sizes=\"auto, (max-width: 1024px) 100vw, 1024px\" \/><\/a><\/figure>\n\n\n\n<figure class=\"wp-block-image size-large\"><a href=\"https:\/\/sunutherapie.com\/product\/huile-de-maca\/\"><img loading=\"lazy\" loading=\"lazy\" decoding=\"async\" width=\"1024\" height=\"768\" data-id=\"2347\" src=\"https:\/\/sunutherapie.com\/wp-content\/uploads\/2024\/11\/5-DSC00147-1024x768.jpg\" alt=\"\" class=\"wp-image-2347\" srcset=\"https:\/\/sunutherapie.com\/wp-content\/uploads\/2024\/11\/5-DSC00147-1024x768.jpg 1024w, https:\/\/sunutherapie.com\/wp-content\/uploads\/2024\/11\/5-DSC00147-300x225.jpg 300w, https:\/\/sunutherapie.com\/wp-content\/uploads\/2024\/11\/5-DSC00147-768x576.jpg 768w, https:\/\/sunutherapie.com\/wp-content\/uploads\/2024\/11\/5-DSC00147-1536x1152.jpg 1536w, https:\/\/sunutherapie.com\/wp-content\/uploads\/2024\/11\/5-DSC00147-2048x1536.jpg 2048w, https:\/\/sunutherapie.com\/wp-content\/uploads\/2024\/11\/5-DSC00147-16x12.jpg 16w, https:\/\/sunutherapie.com\/wp-content\/uploads\/2024\/11\/5-DSC00147-600x450.jpg 600w, https:\/\/sunutherapie.com\/wp-content\/uploads\/2024\/11\/5-DSC00147-1x1.jpg 1w, https:\/\/sunutherapie.com\/wp-content\/uploads\/2024\/11\/5-DSC00147-10x8.jpg 10w\" sizes=\"auto, (max-width: 1024px) 100vw, 1024px\" \/><\/a><\/figure>\n\n\n\n<figure class=\"wp-block-image size-large\"><a href=\"https:\/\/sunutherapie.com\/product\/baume-capillaire-chebe-clou-de-girofle\/\"><img loading=\"lazy\" loading=\"lazy\" decoding=\"async\" width=\"1024\" height=\"768\" data-id=\"2343\" src=\"https:\/\/sunutherapie.com\/wp-content\/uploads\/2024\/11\/3-DSC00160-1024x768.jpg\" alt=\"\" class=\"wp-image-2343\" srcset=\"https:\/\/sunutherapie.com\/wp-content\/uploads\/2024\/11\/3-DSC00160-1024x768.jpg 1024w, https:\/\/sunutherapie.com\/wp-content\/uploads\/2024\/11\/3-DSC00160-300x225.jpg 300w, https:\/\/sunutherapie.com\/wp-content\/uploads\/2024\/11\/3-DSC00160-768x576.jpg 768w, https:\/\/sunutherapie.com\/wp-content\/uploads\/2024\/11\/3-DSC00160-1536x1152.jpg 1536w, https:\/\/sunutherapie.com\/wp-content\/uploads\/2024\/11\/3-DSC00160-2048x1536.jpg 2048w, https:\/\/sunutherapie.com\/wp-content\/uploads\/2024\/11\/3-DSC00160-16x12.jpg 16w, https:\/\/sunutherapie.com\/wp-content\/uploads\/2024\/11\/3-DSC00160-600x450.jpg 600w, https:\/\/sunutherapie.com\/wp-content\/uploads\/2024\/11\/3-DSC00160-1x1.jpg 1w, https:\/\/sunutherapie.com\/wp-content\/uploads\/2024\/11\/3-DSC00160-10x8.jpg 10w\" sizes=\"auto, (max-width: 1024px) 100vw, 1024px\" \/><\/a><\/figure>\n\n\n\n<figure class=\"wp-block-image size-large\"><a href=\"https:\/\/sunutherapie.com\/product\/huile-de-kigelia\/\"><img loading=\"lazy\" loading=\"lazy\" decoding=\"async\" width=\"828\" height=\"818\" data-id=\"2472\" src=\"https:\/\/sunutherapie.com\/wp-content\/uploads\/2024\/10\/img_1251.jpeg\" alt=\"D\u00e9couvrez les produits Sunuth\u00e9rapie avec des infusions uniques et des biocosm\u00e9tiques naturels pour am\u00e9liorer votre bien-\u00eatre au quotidien\" class=\"wp-image-2472\" srcset=\"https:\/\/sunutherapie.com\/wp-content\/uploads\/2024\/10\/img_1251.jpeg 828w, https:\/\/sunutherapie.com\/wp-content\/uploads\/2024\/10\/img_1251-300x296.jpeg 300w, https:\/\/sunutherapie.com\/wp-content\/uploads\/2024\/10\/img_1251-768x759.jpeg 768w, https:\/\/sunutherapie.com\/wp-content\/uploads\/2024\/10\/img_1251-12x12.jpeg 12w, https:\/\/sunutherapie.com\/wp-content\/uploads\/2024\/10\/img_1251-600x593.jpeg 600w, https:\/\/sunutherapie.com\/wp-content\/uploads\/2024\/10\/img_1251-100x100.jpeg 100w, https:\/\/sunutherapie.com\/wp-content\/uploads\/2024\/10\/img_1251-1x1.jpeg 1w, https:\/\/sunutherapie.com\/wp-content\/uploads\/2024\/10\/img_1251-10x10.jpeg 10w\" sizes=\"auto, (max-width: 828px) 100vw, 828px\" \/><\/a><\/figure>\n\n\n\n<figure class=\"wp-block-image size-large\"><a href=\"https:\/\/sunutherapie.com\/product\/huile-de-chebe\/\"><img loading=\"lazy\" loading=\"lazy\" decoding=\"async\" width=\"1024\" height=\"683\" data-id=\"2392\" src=\"https:\/\/sunutherapie.com\/wp-content\/uploads\/2024\/11\/dsc06175-1024x683.jpeg\" alt=\"Huile de Ch\u00e9b\u00e9 : contre l'alop\u00e9cie \" class=\"wp-image-2392\" srcset=\"https:\/\/sunutherapie.com\/wp-content\/uploads\/2024\/11\/dsc06175-1024x683.jpeg 1024w, https:\/\/sunutherapie.com\/wp-content\/uploads\/2024\/11\/dsc06175-300x200.jpeg 300w, https:\/\/sunutherapie.com\/wp-content\/uploads\/2024\/11\/dsc06175-768x512.jpeg 768w, https:\/\/sunutherapie.com\/wp-content\/uploads\/2024\/11\/dsc06175-1536x1024.jpeg 1536w, https:\/\/sunutherapie.com\/wp-content\/uploads\/2024\/11\/dsc06175-2048x1365.jpeg 2048w, https:\/\/sunutherapie.com\/wp-content\/uploads\/2024\/11\/dsc06175-18x12.jpeg 18w, https:\/\/sunutherapie.com\/wp-content\/uploads\/2024\/11\/dsc06175-600x400.jpeg 600w, https:\/\/sunutherapie.com\/wp-content\/uploads\/2024\/11\/dsc06175-1x1.jpeg 1w, https:\/\/sunutherapie.com\/wp-content\/uploads\/2024\/11\/dsc06175-10x7.jpeg 10w\" sizes=\"auto, (max-width: 1024px) 100vw, 1024px\" \/><\/a><\/figure>\n\n\n\n<figure class=\"wp-block-image size-large\"><a href=\"https:\/\/sunutherapie.com\/product\/attieke-deshydratee\/\"><img loading=\"lazy\" loading=\"lazy\" decoding=\"async\" width=\"768\" height=\"1024\" data-id=\"2397\" src=\"https:\/\/sunutherapie.com\/wp-content\/uploads\/2025\/01\/img_0068-768x1024.jpeg\" alt=\"Atti\u00e9k\u00e9 d\u00e9shydrqt\u00e9e riche en fibres, glucides, vitamines B C et E.\" class=\"wp-image-2397\" srcset=\"https:\/\/sunutherapie.com\/wp-content\/uploads\/2025\/01\/img_0068-768x1024.jpeg 768w, https:\/\/sunutherapie.com\/wp-content\/uploads\/2025\/01\/img_0068-225x300.jpeg 225w, https:\/\/sunutherapie.com\/wp-content\/uploads\/2025\/01\/img_0068-1152x1536.jpeg 1152w, https:\/\/sunutherapie.com\/wp-content\/uploads\/2025\/01\/img_0068-1536x2048.jpeg 1536w, https:\/\/sunutherapie.com\/wp-content\/uploads\/2025\/01\/img_0068-9x12.jpeg 9w, https:\/\/sunutherapie.com\/wp-content\/uploads\/2025\/01\/img_0068-600x800.jpeg 600w, https:\/\/sunutherapie.com\/wp-content\/uploads\/2025\/01\/img_0068-1x1.jpeg 1w, https:\/\/sunutherapie.com\/wp-content\/uploads\/2025\/01\/img_0068-8x10.jpeg 8w, https:\/\/sunutherapie.com\/wp-content\/uploads\/2025\/01\/img_0068-scaled.jpeg 1920w\" sizes=\"auto, (max-width: 768px) 100vw, 768px\" \/><\/a><figcaption class=\"wp-element-caption\"><mark style=\"background-color:rgba(0, 0, 0, 0);color:#26d921\" class=\"has-inline-color\">Atti\u00e9k\u00e9 D\u00e9shydrat\u00e9 ; 500 g<\/mark><\/figcaption><\/figure>\n<\/figure>\n\n\n\n<p><\/p>\n","protected":false},"excerpt":{"rendered":"","protected":false},"author":1,"featured_media":0,"parent":0,"menu_order":0,"comment_status":"closed","ping_status":"closed","template":"","meta":{"footnotes":""},"class_list":["post-5","page","type-page","status-publish","hentry"],"jetpack_sharing_enabled":true,"_links":{"self":[{"href":"https:\/\/sunutherapie.com\/fr_fr\/wp-json\/wp\/v2\/pages\/5","targetHints":{"allow":["GET"]}}],"collection":[{"href":"https:\/\/sunutherapie.com\/fr_fr\/wp-json\/wp\/v2\/pages"}],"about":[{"href":"https:\/\/sunutherapie.com\/fr_fr\/wp-json\/wp\/v2\/types\/page"}],"author":[{"embeddable":true,"href":"https:\/\/sunutherapie.com\/fr_fr\/wp-json\/wp\/v2\/users\/1"}],"replies":[{"embeddable":true,"href":"https:\/\/sunutherapie.com\/fr_fr\/wp-json\/wp\/v2\/comments?post=5"}],"version-history":[{"count":2,"href":"https:\/\/sunutherapie.com\/fr_fr\/wp-json\/wp\/v2\/pages\/5\/revisions"}],"predecessor-version":[{"id":2539,"href":"https:\/\/sunutherapie.com\/fr_fr\/wp-json\/wp\/v2\/pages\/5\/revisions\/2539"}],"wp:attachment":[{"href":"https:\/\/sunutherapie.com\/fr_fr\/wp-json\/wp\/v2\/media?parent=5"}],"curies":[{"name":"wp","href":"https:\/\/api.w.org\/{rel}","templated":true}]}}