{"id":2069,"date":"2024-10-05T18:15:26","date_gmt":"2024-10-05T18:15:26","guid":{"rendered":"https:\/\/sunutherapie.com\/product\/poudre-de-moringa-en-vrac\/"},"modified":"2025-03-15T13:05:16","modified_gmt":"2025-03-15T13:05:16","slug":"poudre-de-moringa-en-vrac","status":"publish","type":"product","link":"https:\/\/sunutherapie.com\/fr_fr\/product\/poudre-de-moringa-en-vrac\/","title":{"rendered":"Poudre de Moringa 1 Kg"},"content":{"rendered":"<p>V\u00e9ritable \u00ab\u00a0super aliment\u00a0\u00bb issu de la phytoth\u00e9rapie traditionnelle africaine, la poudre de Moringa est dot\u00e9e d&rsquo;une richesse exceptionnelle en vitamines, min\u00e9raux et acides amin\u00e9s. Surnomm\u00e9 \u00ab l&rsquo;arbre \u00e0 miracles \u00bb, le Moringa est r\u00e9put\u00e9 pour ses qualit\u00e9s nutritionnelles. En cosm\u00e9tique, c&rsquo;est un ingr\u00e9dient de choix pour revitaliser les peaux ternes, s\u00e8ches, ou matures, purifier les peaux mixtes ou \u00e0 imperfections, mais aussi pour stimuler la pousse des cheveux. Pour l&rsquo;organisme : elle lutte contre le diab\u00e8te type 2, l&rsquo;an\u00e9mie,  les infections, les probl\u00e8mes de rhumatismes<\/p>\n","protected":false},"excerpt":{"rendered":"<p>V\u00e9ritable \u00ab\u00a0super aliment\u00a0\u00bb issu de la phytoth\u00e9rapie traditionnelle africaine, la poudre de Moringa est dot\u00e9e d&rsquo;une richesse exceptionnelle en vitamines, min\u00e9raux et acides amin\u00e9s. Surnomm\u00e9 \u00ab l&rsquo;arbre \u00e0 miracles \u00bb, le Moringa est r\u00e9put\u00e9 pour ses qualit\u00e9s nutritionnelles. En cosm\u00e9tique, c&rsquo;est un ingr\u00e9dient de choix pour revitaliser les peaux ternes, s\u00e8ches, ou matures, purifier les peaux mixtes ou \u00e0 imperfections, mais aussi pour stimuler la pousse des cheveux. Pour l&rsquo;organisme : elle lutte contre le diab\u00e8te type 2, l&rsquo;an\u00e9mie, les infections, les probl\u00e8mes de rhumatismes.<\/p>\n","protected":false},"featured_media":2068,"comment_status":"open","ping_status":"closed","template":"","meta":[],"etheme_brands":[],"product_brand":[],"product_cat":[55,52],"product_tag":[],"class_list":{"0":"post-2069","1":"product","2":"type-product","3":"status-publish","4":"has-post-thumbnail","6":"product_cat-en-vrac","7":"product_cat-infusions-et-thes","9":"first","10":"instock","11":"shipping-taxable","12":"purchasable","13":"product-type-simple"},"jetpack_sharing_enabled":true,"_links":{"self":[{"href":"https:\/\/sunutherapie.com\/fr_fr\/wp-json\/wp\/v2\/product\/2069","targetHints":{"allow":["GET"]}}],"collection":[{"href":"https:\/\/sunutherapie.com\/fr_fr\/wp-json\/wp\/v2\/product"}],"about":[{"href":"https:\/\/sunutherapie.com\/fr_fr\/wp-json\/wp\/v2\/types\/product"}],"replies":[{"embeddable":true,"href":"https:\/\/sunutherapie.com\/fr_fr\/wp-json\/wp\/v2\/comments?post=2069"}],"version-history":[{"count":2,"href":"https:\/\/sunutherapie.com\/fr_fr\/wp-json\/wp\/v2\/product\/2069\/revisions"}],"predecessor-version":[{"id":2423,"href":"https:\/\/sunutherapie.com\/fr_fr\/wp-json\/wp\/v2\/product\/2069\/revisions\/2423"}],"wp:featuredmedia":[{"embeddable":true,"href":"https:\/\/sunutherapie.com\/fr_fr\/wp-json\/wp\/v2\/media\/2068"}],"wp:attachment":[{"href":"https:\/\/sunutherapie.com\/fr_fr\/wp-json\/wp\/v2\/media?parent=2069"}],"wp:term":[{"taxonomy":"brand","embeddable":true,"href":"https:\/\/sunutherapie.com\/fr_fr\/wp-json\/wp\/v2\/etheme_brands?post=2069"},{"taxonomy":"product_brand","embeddable":true,"href":"https:\/\/sunutherapie.com\/fr_fr\/wp-json\/wp\/v2\/product_brand?post=2069"},{"taxonomy":"product_cat","embeddable":true,"href":"https:\/\/sunutherapie.com\/fr_fr\/wp-json\/wp\/v2\/product_cat?post=2069"},{"taxonomy":"product_tag","embeddable":true,"href":"https:\/\/sunutherapie.com\/fr_fr\/wp-json\/wp\/v2\/product_tag?post=2069"}],"curies":[{"name":"wp","href":"https:\/\/api.w.org\/{rel}","templated":true}]}}