{"id":2075,"date":"2024-10-05T18:32:27","date_gmt":"2024-10-05T18:32:27","guid":{"rendered":"https:\/\/sunutherapie.com\/product\/huile-de-kigelia\/"},"modified":"2025-11-05T19:23:08","modified_gmt":"2025-11-05T19:23:08","slug":"huile-de-kigelia","status":"publish","type":"product","link":"https:\/\/sunutherapie.com\/fr_fr\/product\/huile-de-kigelia\/","title":{"rendered":"Huile de kigelia"},"content":{"rendered":"","protected":false},"excerpt":{"rendered":"<p>Comme ingr\u00e9dient cosm\u00e9tique, l&rsquo;extrait de kig\u00e9lia est reconnu pour ces propri\u00e9t\u00e9s :<br \/>\nTonifiant et raffermissant cutan\u00e9( fesses, poitrine)<br \/>\nTenseur et r\u00e9pulpant du buste, donne du galbe \u00e0 la poitrine<br \/>\nAnti-\u00e2ge et riche en antioxydants : lutte contre les effets des radicaux libres et contre les signes du vieillissement pr\u00e9matur\u00e9 de la peau<br \/>\nApaise les rougeurs et les peaux sensibles<br \/>\nRevitalise les peaux sensibles et aide \u00e0 prendre soin des petites coupures. Contenant : 100 ml<\/p>\n","protected":false},"featured_media":2472,"comment_status":"open","ping_status":"closed","template":"","meta":[],"etheme_brands":[],"product_brand":[],"product_cat":[60,58,56],"product_tag":[],"class_list":{"0":"post-2075","1":"product","2":"type-product","3":"status-publish","4":"has-post-thumbnail","6":"product_cat-a-la-une","7":"product_cat-bien-etre-du-coprs","8":"product_cat-biocosmetiques","10":"first","11":"instock","12":"sale","13":"shipping-taxable","14":"purchasable","15":"product-type-simple"},"jetpack_sharing_enabled":true,"_links":{"self":[{"href":"https:\/\/sunutherapie.com\/fr_fr\/wp-json\/wp\/v2\/product\/2075","targetHints":{"allow":["GET"]}}],"collection":[{"href":"https:\/\/sunutherapie.com\/fr_fr\/wp-json\/wp\/v2\/product"}],"about":[{"href":"https:\/\/sunutherapie.com\/fr_fr\/wp-json\/wp\/v2\/types\/product"}],"replies":[{"embeddable":true,"href":"https:\/\/sunutherapie.com\/fr_fr\/wp-json\/wp\/v2\/comments?post=2075"}],"version-history":[{"count":1,"href":"https:\/\/sunutherapie.com\/fr_fr\/wp-json\/wp\/v2\/product\/2075\/revisions"}],"predecessor-version":[{"id":2108,"href":"https:\/\/sunutherapie.com\/fr_fr\/wp-json\/wp\/v2\/product\/2075\/revisions\/2108"}],"wp:featuredmedia":[{"embeddable":true,"href":"https:\/\/sunutherapie.com\/fr_fr\/wp-json\/wp\/v2\/media\/2472"}],"wp:attachment":[{"href":"https:\/\/sunutherapie.com\/fr_fr\/wp-json\/wp\/v2\/media?parent=2075"}],"wp:term":[{"taxonomy":"brand","embeddable":true,"href":"https:\/\/sunutherapie.com\/fr_fr\/wp-json\/wp\/v2\/etheme_brands?post=2075"},{"taxonomy":"product_brand","embeddable":true,"href":"https:\/\/sunutherapie.com\/fr_fr\/wp-json\/wp\/v2\/product_brand?post=2075"},{"taxonomy":"product_cat","embeddable":true,"href":"https:\/\/sunutherapie.com\/fr_fr\/wp-json\/wp\/v2\/product_cat?post=2075"},{"taxonomy":"product_tag","embeddable":true,"href":"https:\/\/sunutherapie.com\/fr_fr\/wp-json\/wp\/v2\/product_tag?post=2075"}],"curies":[{"name":"wp","href":"https:\/\/api.w.org\/{rel}","templated":true}]}}