{"id":2077,"date":"2024-10-05T18:39:58","date_gmt":"2024-10-05T18:39:58","guid":{"rendered":"https:\/\/sunutherapie.com\/product\/beurre-de-mangue\/"},"modified":"2026-02-01T22:29:21","modified_gmt":"2026-02-01T22:29:21","slug":"beurre-de-mangue","status":"publish","type":"product","link":"https:\/\/sunutherapie.com\/fr_fr\/product\/beurre-de-mangue\/","title":{"rendered":"Beurre de Mangue"},"content":{"rendered":"","protected":false},"excerpt":{"rendered":"<p>Riche en antioxydants, le beurre de Mangue aide \u00e0 lutter contre les radicaux libres et ainsi pr\u00e9server la peau du vieillissement cutan\u00e9. Son action raffermissante permet de maintenir l&rsquo;\u00e9lasticit\u00e9 et la souplesse de la peau afin d&rsquo;att\u00e9nuer les rides.<\/p>\n","protected":false},"featured_media":2482,"comment_status":"open","ping_status":"closed","template":"","meta":[],"etheme_brands":[],"product_brand":[],"product_cat":[58,56],"product_tag":[],"class_list":{"0":"post-2077","1":"product","2":"type-product","3":"status-publish","4":"has-post-thumbnail","6":"product_cat-bien-etre-du-coprs","7":"product_cat-biocosmetiques","9":"first","10":"instock","11":"shipping-taxable","12":"purchasable","13":"product-type-simple"},"jetpack_sharing_enabled":true,"_links":{"self":[{"href":"https:\/\/sunutherapie.com\/fr_fr\/wp-json\/wp\/v2\/product\/2077","targetHints":{"allow":["GET"]}}],"collection":[{"href":"https:\/\/sunutherapie.com\/fr_fr\/wp-json\/wp\/v2\/product"}],"about":[{"href":"https:\/\/sunutherapie.com\/fr_fr\/wp-json\/wp\/v2\/types\/product"}],"replies":[{"embeddable":true,"href":"https:\/\/sunutherapie.com\/fr_fr\/wp-json\/wp\/v2\/comments?post=2077"}],"version-history":[{"count":1,"href":"https:\/\/sunutherapie.com\/fr_fr\/wp-json\/wp\/v2\/product\/2077\/revisions"}],"predecessor-version":[{"id":2475,"href":"https:\/\/sunutherapie.com\/fr_fr\/wp-json\/wp\/v2\/product\/2077\/revisions\/2475"}],"wp:featuredmedia":[{"embeddable":true,"href":"https:\/\/sunutherapie.com\/fr_fr\/wp-json\/wp\/v2\/media\/2482"}],"wp:attachment":[{"href":"https:\/\/sunutherapie.com\/fr_fr\/wp-json\/wp\/v2\/media?parent=2077"}],"wp:term":[{"taxonomy":"brand","embeddable":true,"href":"https:\/\/sunutherapie.com\/fr_fr\/wp-json\/wp\/v2\/etheme_brands?post=2077"},{"taxonomy":"product_brand","embeddable":true,"href":"https:\/\/sunutherapie.com\/fr_fr\/wp-json\/wp\/v2\/product_brand?post=2077"},{"taxonomy":"product_cat","embeddable":true,"href":"https:\/\/sunutherapie.com\/fr_fr\/wp-json\/wp\/v2\/product_cat?post=2077"},{"taxonomy":"product_tag","embeddable":true,"href":"https:\/\/sunutherapie.com\/fr_fr\/wp-json\/wp\/v2\/product_tag?post=2077"}],"curies":[{"name":"wp","href":"https:\/\/api.w.org\/{rel}","templated":true}]}}