{"id":2328,"date":"2024-10-29T14:07:09","date_gmt":"2024-10-29T14:07:09","guid":{"rendered":"https:\/\/sunutherapie.com\/?post_type=product&#038;p=2328"},"modified":"2026-04-30T18:20:28","modified_gmt":"2026-04-30T18:20:28","slug":"soulage-rhume","status":"publish","type":"product","link":"https:\/\/sunutherapie.com\/fr_fr\/product\/soulage-rhume\/","title":{"rendered":"Soulage Rhume"},"content":{"rendered":"<h2>\u00c9prouvez-vous des difficult\u00e9s avec les allergies saisonni\u00e8res, l\u2019asthme, la grippe ou les toux persistantes ? Offrez-vous une \u00e9vasion naturelle et revitalisante gr\u00e2ce \u00e0 notre rem\u00e8de du terroir. \u00c9labor\u00e9 avec soin \u00e0 base de Ngu\u00e9r et de Kinkeliba, il combine des anti-inflammatoires puissants, des flavono\u00efdes et des vitamines pour apaiser votre asthme et d\u00e9barrasser vos poumons de l&rsquo;exc\u00e8s de mucus. Red\u00e9couvrez la libert\u00e9 de respirer profond\u00e9ment et laissez-vous emporter par la fra\u00eecheur revitalisante de notre solution.<\/h2>\n<h2>Sachets thermosoud\u00e9s pour conserver la fraicheur des saveurs, Sans agrafe.<\/h2>\n<h2> Enti\u00e8rement compostables.<\/h2>\n<h2> Boite cylindrique en acier, recyclable.<\/h2>\n<h2>A partir de 10 ans.<\/h2>\n<h2>\u00c0 utiliser avec prudence si vous souffrez d\u2019hypotension.<\/h2>\n","protected":false},"excerpt":{"rendered":"<h3><strong style=\"font-weight: bold !important\">D\u00e9tails du produit:<\/strong><\/h3>\n<ul>\n<li>\n<h4>Marque :Th\u00e9 Rapie<\/h4>\n<\/li>\n<li>\n<h4>Type: th\u00e9 (Soulage Rhume)<\/h4>\n<\/li>\n<li>\n<h4>Ingr\u00e9dients principaux &nbsp;: Ngu\u00e9r et Kinkeliba<\/h4>\n<\/li>\n<li>\n<h4>Bienfaits : Apaise l\u2019asthme, la grippe; Nettoie les poumons<\/h4>\n<\/li>\n<li>\n<h4>Utilisation: A partir de 10ans<\/h4>\n<\/li>\n<li>\n<h4>R\u00e9f\u00e9rence : Soulage Rhume<\/h4>\n<\/li>\n<\/ul>\n<p><strong style=\"font-weight: bold !important\"><\/strong><\/p>\n<h3><strong>Description<\/strong><\/h3>\n<h3>Soulage Rhume : Solution Naturelle pour Respirer Libre et L\u00e9ger<\/h3>\n<p style=\"margin: 0px 0px 10px;font-family: Montserrat, sans-serif;font-weight: 400;font-size: 14px;line-height: 1.9;letter-spacing: 0.005em;font-style: normal;text-align: start;text-indent: 0px;text-transform: none;text-decoration: none\"><strong style=\"font-weight: 600 !important\">Soulage Rhume<\/strong><span class=\"Apple-converted-space\">&nbsp;<\/span>est votre alli\u00e9 id\u00e9al pour apaiser les sympt\u00f4mes li\u00e9s aux<span class=\"Apple-converted-space\">&nbsp;<\/span><strong style=\"font-weight: 600 !important\">allergies saisonni\u00e8res<\/strong>, \u00e0 l\u2019<strong style=\"font-weight: 600 !important\">asthme<\/strong>, \u00e0 la<span class=\"Apple-converted-space\">&nbsp;<\/span><strong style=\"font-weight: 600 !important\">grippe<\/strong><span class=\"Apple-converted-space\">&nbsp;<\/span>ou aux<span class=\"Apple-converted-space\">&nbsp;<\/span><strong style=\"font-weight: 600 !important\">toux persistantes<\/strong>. Ce rem\u00e8de naturel, soigneusement \u00e9labor\u00e9 \u00e0 base de<span class=\"Apple-converted-space\">&nbsp;<\/span><strong style=\"font-weight: 600 !important\">Ngu\u00e9r<\/strong><span class=\"Apple-converted-space\">&nbsp;<\/span>et de<span class=\"Apple-converted-space\">&nbsp;<\/span><strong style=\"font-weight: 600 !important\">Kinkeliba<\/strong>, regorge de bienfaits pour le syst\u00e8me respiratoire. Sa formule associe des<span class=\"Apple-converted-space\">&nbsp;<\/span><strong style=\"font-weight: 600 !important\">anti-inflammatoires puissants<\/strong>, des<span class=\"Apple-converted-space\">&nbsp;<\/span><strong style=\"font-weight: 600 !important\">flavono\u00efdes<\/strong><span class=\"Apple-converted-space\">&nbsp;<\/span>et des<span class=\"Apple-converted-space\">&nbsp;<\/span><strong style=\"font-weight: 600 !important;margin-bottom: 0px\">vitamines<\/strong><span class=\"Apple-converted-space\">&nbsp;<\/span>pour lib\u00e9rer vos poumons de l\u2019exc\u00e8s de mucus et apporter un soulagement imm\u00e9diat.<\/p>\n<h4>Les Bienfaits de Soulage Rhume :<\/h4>\n<ul style=\"padding-left: 2rem;margin-top: 0px;margin-bottom: 1rem;font-family: Montserrat, Gotham, Helvetica;font-size: 13px;font-style: normal;font-weight: 400;letter-spacing: normal;text-align: start;text-indent: 0px;text-transform: none;text-decoration: none\">\n<li style=\"line-height: var(--porto-body-lh)\"><strong style=\"font-weight: 600 !important;margin-bottom: 0px\">Apaise l\u2019asthme<\/strong><span class=\"Apple-converted-space\">&nbsp;<\/span>: R\u00e9duit les irritations des voies respiratoires.<\/li>\n<li style=\"line-height: var(--porto-body-lh)\"><strong style=\"font-weight: 600 !important;margin-bottom: 0px\">Anti-inflammatoire naturel<\/strong><span class=\"Apple-converted-space\">&nbsp;<\/span>: Aide \u00e0 diminuer les sympt\u00f4mes de la grippe et des allergies.<\/li>\n<li style=\"line-height: var(--porto-body-lh)\"><strong style=\"font-weight: 600 !important;margin-bottom: 0px\">Effet revitalisant<\/strong><span class=\"Apple-converted-space\">&nbsp;<\/span>: Redonne de la fra\u00eecheur et favorise une respiration profonde.<\/li>\n<li style=\"line-height: var(--porto-body-lh);margin-bottom: 0px\"><strong style=\"font-weight: 600 !important;margin-bottom: 0px\">Soutien immunitaire<\/strong><span class=\"Apple-converted-space\">&nbsp;<\/span>: Gr\u00e2ce \u00e0 sa richesse en vitamines et antioxydants.<\/li>\n<\/ul>\n<h4>Une Formule Responsable et Pratique :<\/h4>\n<ul style=\"padding-left: 2rem;margin-top: 0px;margin-bottom: 1rem;font-family: Montserrat, Gotham, Helvetica;font-size: 13px;font-style: normal;font-weight: 400;letter-spacing: normal;text-align: start;text-indent: 0px;text-transform: none;text-decoration: none\">\n<li style=\"line-height: var(--porto-body-lh)\"><strong style=\"font-weight: 600 !important;margin-bottom: 0px\">Sachets thermosoud\u00e9s<\/strong><span class=\"Apple-converted-space\">&nbsp;<\/span>pour pr\u00e9server la fra\u00eecheur des saveurs.<\/li>\n<li style=\"line-height: var(--porto-body-lh)\"><strong style=\"font-weight: 600 !important;margin-bottom: 0px\">Sans agrafe<\/strong>, respectueux de l\u2019environnement.<\/li>\n<li style=\"line-height: var(--porto-body-lh)\"><strong style=\"font-weight: 600 !important;margin-bottom: 0px\">Enti\u00e8rement compostables<\/strong>, pour un impact \u00e9cologique r\u00e9duit.<\/li>\n<li style=\"line-height: var(--porto-body-lh);margin-bottom: 0px\">Pr\u00e9sent\u00e9 dans une<span class=\"Apple-converted-space\">&nbsp;<\/span><strong style=\"font-weight: 600 !important;margin-bottom: 0px\">bo\u00eete cylindrique en acier recyclable<\/strong>, alliant \u00e9l\u00e9gance et durabilit\u00e9.<\/li>\n<\/ul>\n<p style=\"margin: 0px 0px 10px;font-family: Montserrat, sans-serif;font-weight: 400;font-size: 14px;line-height: 1.9;letter-spacing: 0.005em;font-style: normal;text-align: start;text-indent: 0px;text-transform: none;text-decoration: none\"><strong style=\"font-weight: 600 !important\">Important<\/strong><span class=\"Apple-converted-space\">&nbsp;<\/span>: Produit destin\u00e9 aux enfants de<span class=\"Apple-converted-space\">&nbsp;<\/span><strong style=\"font-weight: 600 !important\">10 ans et plus<\/strong>. \u00c0 utiliser avec pr\u00e9caution si vous souffrez d\u2019<strong style=\"font-weight: 600 !important;margin-bottom: 0px\">hypotension<\/strong>.<\/p>\n<h3><\/h3>\n<h3>Respirez la Libert\u00e9<\/h3>\n<p style=\"margin: 0px 0px 10px;font-family: Montserrat, sans-serif;font-weight: 400;font-size: 14px;line-height: 1.9;letter-spacing: 0.005em;font-style: normal;text-align: start;text-indent: 0px;text-transform: none;text-decoration: none\">Adoptez<span class=\"Apple-converted-space\">&nbsp;<\/span><strong style=\"font-weight: 600 !important;margin-bottom: 0px\">Soulage Rhume<\/strong><span class=\"Apple-converted-space\">&nbsp;<\/span>pour un soulagement naturel et efficace de vos troubles respiratoires. Ressentez le bien-\u00eatre d\u2019une solution issue du terroir, con\u00e7ue pour revitaliser votre quotidien.<\/p>\n","protected":false},"featured_media":2678,"comment_status":"open","ping_status":"closed","template":"","meta":[],"etheme_brands":[],"product_brand":[],"product_cat":[52],"product_tag":[],"class_list":{"0":"post-2328","1":"product","2":"type-product","3":"status-publish","4":"has-post-thumbnail","6":"product_cat-infusions-et-thes","8":"first","9":"instock","10":"purchasable","11":"product-type-simple"},"jetpack_sharing_enabled":true,"_links":{"self":[{"href":"https:\/\/sunutherapie.com\/fr_fr\/wp-json\/wp\/v2\/product\/2328","targetHints":{"allow":["GET"]}}],"collection":[{"href":"https:\/\/sunutherapie.com\/fr_fr\/wp-json\/wp\/v2\/product"}],"about":[{"href":"https:\/\/sunutherapie.com\/fr_fr\/wp-json\/wp\/v2\/types\/product"}],"replies":[{"embeddable":true,"href":"https:\/\/sunutherapie.com\/fr_fr\/wp-json\/wp\/v2\/comments?post=2328"}],"version-history":[{"count":6,"href":"https:\/\/sunutherapie.com\/fr_fr\/wp-json\/wp\/v2\/product\/2328\/revisions"}],"predecessor-version":[{"id":2461,"href":"https:\/\/sunutherapie.com\/fr_fr\/wp-json\/wp\/v2\/product\/2328\/revisions\/2461"}],"wp:featuredmedia":[{"embeddable":true,"href":"https:\/\/sunutherapie.com\/fr_fr\/wp-json\/wp\/v2\/media\/2678"}],"wp:attachment":[{"href":"https:\/\/sunutherapie.com\/fr_fr\/wp-json\/wp\/v2\/media?parent=2328"}],"wp:term":[{"taxonomy":"brand","embeddable":true,"href":"https:\/\/sunutherapie.com\/fr_fr\/wp-json\/wp\/v2\/etheme_brands?post=2328"},{"taxonomy":"product_brand","embeddable":true,"href":"https:\/\/sunutherapie.com\/fr_fr\/wp-json\/wp\/v2\/product_brand?post=2328"},{"taxonomy":"product_cat","embeddable":true,"href":"https:\/\/sunutherapie.com\/fr_fr\/wp-json\/wp\/v2\/product_cat?post=2328"},{"taxonomy":"product_tag","embeddable":true,"href":"https:\/\/sunutherapie.com\/fr_fr\/wp-json\/wp\/v2\/product_tag?post=2328"}],"curies":[{"name":"wp","href":"https:\/\/api.w.org\/{rel}","templated":true}]}}