{"id":2348,"date":"2024-11-14T19:01:24","date_gmt":"2024-11-14T19:01:24","guid":{"rendered":"https:\/\/sunutherapie.com\/product\/huile-de-maca\/"},"modified":"2025-09-04T07:15:34","modified_gmt":"2025-09-04T07:15:34","slug":"huile-de-maca","status":"publish","type":"product","link":"https:\/\/sunutherapie.com\/fr_fr\/product\/huile-de-maca\/","title":{"rendered":"Huile de Maca"},"content":{"rendered":"","protected":false},"excerpt":{"rendered":"<p>**Le Maca : un alli\u00e9 naturel contre les signes de l\u2019\u00e2ge !**<\/p>\n<p>&gt; En stimulant la production de fibroblastes, cette racine pr\u00e9cieuse aide \u00e0 restaurer la souplesse et l&rsquo;\u00e9lasticit\u00e9 de la peau, tout en luttant contre le vieillissement cellulaire et l&rsquo;apparition des rides.<\/p>\n<p>&gt; **Application :** Utilisez l\u2019huile de maca dans votre routine de soins, quotidiennement ou chaque semaine. Massez quelques gouttes sur le visage, en insistant sur les zones s\u00e8ches et marqu\u00e9es, pour une peau visiblement plus lisse et revitalis\u00e9e.<\/p>\n","protected":false},"featured_media":2346,"comment_status":"open","ping_status":"closed","template":"","meta":[],"etheme_brands":[],"product_brand":[],"product_cat":[58,56],"product_tag":[],"class_list":{"0":"post-2348","1":"product","2":"type-product","3":"status-publish","4":"has-post-thumbnail","6":"product_cat-bien-etre-du-coprs","7":"product_cat-biocosmetiques","9":"first","10":"instock","11":"shipping-taxable","12":"purchasable","13":"product-type-simple"},"jetpack_sharing_enabled":true,"_links":{"self":[{"href":"https:\/\/sunutherapie.com\/fr_fr\/wp-json\/wp\/v2\/product\/2348","targetHints":{"allow":["GET"]}}],"collection":[{"href":"https:\/\/sunutherapie.com\/fr_fr\/wp-json\/wp\/v2\/product"}],"about":[{"href":"https:\/\/sunutherapie.com\/fr_fr\/wp-json\/wp\/v2\/types\/product"}],"replies":[{"embeddable":true,"href":"https:\/\/sunutherapie.com\/fr_fr\/wp-json\/wp\/v2\/comments?post=2348"}],"version-history":[{"count":1,"href":"https:\/\/sunutherapie.com\/fr_fr\/wp-json\/wp\/v2\/product\/2348\/revisions"}],"predecessor-version":[{"id":2407,"href":"https:\/\/sunutherapie.com\/fr_fr\/wp-json\/wp\/v2\/product\/2348\/revisions\/2407"}],"wp:featuredmedia":[{"embeddable":true,"href":"https:\/\/sunutherapie.com\/fr_fr\/wp-json\/wp\/v2\/media\/2346"}],"wp:attachment":[{"href":"https:\/\/sunutherapie.com\/fr_fr\/wp-json\/wp\/v2\/media?parent=2348"}],"wp:term":[{"taxonomy":"brand","embeddable":true,"href":"https:\/\/sunutherapie.com\/fr_fr\/wp-json\/wp\/v2\/etheme_brands?post=2348"},{"taxonomy":"product_brand","embeddable":true,"href":"https:\/\/sunutherapie.com\/fr_fr\/wp-json\/wp\/v2\/product_brand?post=2348"},{"taxonomy":"product_cat","embeddable":true,"href":"https:\/\/sunutherapie.com\/fr_fr\/wp-json\/wp\/v2\/product_cat?post=2348"},{"taxonomy":"product_tag","embeddable":true,"href":"https:\/\/sunutherapie.com\/fr_fr\/wp-json\/wp\/v2\/product_tag?post=2348"}],"curies":[{"name":"wp","href":"https:\/\/api.w.org\/{rel}","templated":true}]}}