{"id":2385,"date":"2024-12-13T10:51:46","date_gmt":"2024-12-13T10:51:46","guid":{"rendered":"https:\/\/sunutherapie.com\/product\/pack-the-rapide-booster-denergie-et-libido-soulage-rhume-anti-stress\/"},"modified":"2025-11-05T19:24:06","modified_gmt":"2025-11-05T19:24:06","slug":"pack-the-rapide-booster-denergie-et-libido-soulage-rhume-anti-stress","status":"publish","type":"product","link":"https:\/\/sunutherapie.com\/fr_fr\/product\/pack-the-rapide-booster-denergie-et-libido-soulage-rhume-anti-stress\/","title":{"rendered":"Pack Th\u00e9 Rapie : Booster d&rsquo;Energie et Libido, Soulage Rhume,   Anti-Stress"},"content":{"rendered":"<p>&nbsp;<\/p>\n<h1>Pack Th\u00e9 Rapie<\/h1>\n<p>Le <strong>Pack Th\u00e9 Rapie<\/strong> de Sunu Therapie rassemble les meilleures infusions naturelles et test\u00e9es en laboratoire pour booster votre \u00c9nergie, stimuler votre Libido, soulager le Rhume, am\u00e9liorer la Digestion et apaiser le Stress, gr\u00e2ce au savoir-faire africain.<\/p>\n<h2>Pourquoi choisir le Pack Th\u00e9 Rapie ?<\/h2>\n<p>Notre <strong>Pack Th\u00e9 Rapie<\/strong> s\u2019adresse \u00e0 toutes les personnes dynamiques cherchant une solution naturelle, rapide et efficace \u00e0 int\u00e9grer dans leur routine bien-\u00eatre. Vous y retrouverez :<\/p>\n<ul>\n<li><strong>\u00c9nergie &amp; Libido<\/strong> : infusion tonifiante \u00e0 base de Gingembre, Petit Cola, Le Maca, Kigelia et Ananas pour r\u00e9veiller votre dynamisme et votre d\u00e9sir.<\/li>\n<li><strong>Antiballonnements Digestion<\/strong> : infusion \u00e0 base de Moringa et Plantes Aromatiques riches en fibres et anti-inflammatoires, pour booster votre confort digestif et soulager les tensions abdominales.<\/li>\n<li><strong>Soulagement du Rhume<\/strong> : m\u00e9lange efficace associant Nguer de Kinkeliba, Duth\u00e8 Gambie et Eucalyptus, pour lib\u00e9rer les voies respiratoires naturellement.<\/li>\n<li><strong>Anti-Stress<\/strong> : composition relaxante \u00e0 base de Bissap et plantes apaisantes favorisant la s\u00e9r\u00e9nit\u00e9 et le bien-\u00eatre \u00e9motionnel.<\/li>\n<\/ul>\n<h3>Qualit\u00e9, tra\u00e7abilit\u00e9, engagement durable<\/h3>\n<p>Chez Sunu Therapie, <strong>tous les ingr\u00e9dients du Pack Th\u00e9 Rapie sont soigneusement s\u00e9lectionn\u00e9s, trac\u00e9s et contr\u00f4l\u00e9s<\/strong>, issus d\u2019une agriculture respectueuse de l\u2019environnement et en partenariat avec des agriculteurs et groupements de femmes engag\u00e9s depuis 2018.<\/p>\n<p>Le <strong>Pack Th\u00e9 Rapie<\/strong> repr\u00e9sente la fusion entre tradition africaine et innovation moderne pour un effet imm\u00e9diat sur l\u2019\u00e9nergie, la digestion, la sant\u00e9 respiratoire et l\u2019\u00e9quilibre \u00e9motionnel. Commandez d\u00e8s aujourd\u2019hui et ressentez la diff\u00e9rence\u202f!<\/p>\n<p><!-- 100 Focus Keywords SEO --><\/p>\n","protected":false},"excerpt":{"rendered":"<p>&nbsp;<\/p>\n<h1>Pack Th\u00e9 Rapie<\/h1>\n<p>Le <strong>Pack Th\u00e9 Rapie<\/strong> de Sunu Therapie rassemble les meilleures infusions naturelles et test\u00e9es en laboratoire pour booster votre \u00c9nergie, stimuler votre Libido, soulager le Rhume, am\u00e9liorer la Digestion et apaiser le Stress, gr\u00e2ce au savoir-faire africain.<\/p>\n<h2>Pourquoi choisir le Pack Th\u00e9 Rapie ?<\/h2>\n<p>Notre <strong>Pack Th\u00e9 Rapie<\/strong> s\u2019adresse \u00e0 toutes les personnes dynamiques cherchant une solution naturelle, rapide et efficace \u00e0 int\u00e9grer dans leur routine bien-\u00eatre. Vous y retrouverez :<\/p>\n<ul>\n<li><strong>\u00c9nergie &amp; Libido<\/strong> : infusion tonifiante \u00e0 base de Gingembre, Petit Cola, Le Maca, Kigelia et Ananas pour r\u00e9veiller votre dynamisme et votre d\u00e9sir.<\/li>\n<li><strong>Antiballonnements Digestion<\/strong> : infusion \u00e0 base de Moringa et Plantes Aromatiques riches en fibres et anti-inflammatoires, pour booster votre confort digestif et soulager les tensions abdominales.<\/li>\n<li><strong>Soulagement du Rhume<\/strong> : m\u00e9lange efficace associant Nguer de Kinkeliba, Duth\u00e8 Gambie et Eucalyptus, pour lib\u00e9rer les voies respiratoires naturellement.<\/li>\n<li><strong>Anti-Stress<\/strong> : composition relaxante \u00e0 base de Bissap et plantes apaisantes favorisant la s\u00e9r\u00e9nit\u00e9 et le bien-\u00eatre \u00e9motionnel.<\/li>\n<\/ul>\n<h3>Qualit\u00e9, tra\u00e7abilit\u00e9, engagement durable<\/h3>\n<p>Chez Sunu Therapie, <strong>tous les ingr\u00e9dients du Pack Th\u00e9 Rapie sont soigneusement s\u00e9lectionn\u00e9s, trac\u00e9s et contr\u00f4l\u00e9s<\/strong>, issus d\u2019une agriculture respectueuse de l\u2019environnement et en partenariat avec des agriculteurs et groupements de femmes engag\u00e9s depuis 2018.<\/p>\n<p>Le <strong>Pack Th\u00e9 Rapie<\/strong> repr\u00e9sente la fusion entre tradition africaine et innovation moderne pour un effet imm\u00e9diat sur l\u2019\u00e9nergie, la digestion, la sant\u00e9 respiratoire et l\u2019\u00e9quilibre \u00e9motionnel. Commandez d\u00e8s aujourd\u2019hui et ressentez la diff\u00e9rence\u202f!<\/p>\n<p><!-- 100 Focus Keywords SEO --><\/p>\n","protected":false},"featured_media":2384,"comment_status":"open","ping_status":"closed","template":"","meta":[],"etheme_brands":[],"product_brand":[],"product_cat":[52],"product_tag":[],"class_list":{"0":"post-2385","1":"product","2":"type-product","3":"status-publish","4":"has-post-thumbnail","6":"product_cat-infusions-et-thes","8":"first","9":"instock","10":"sale","11":"shipping-taxable","12":"purchasable","13":"product-type-simple"},"jetpack_sharing_enabled":true,"_links":{"self":[{"href":"https:\/\/sunutherapie.com\/fr_fr\/wp-json\/wp\/v2\/product\/2385","targetHints":{"allow":["GET"]}}],"collection":[{"href":"https:\/\/sunutherapie.com\/fr_fr\/wp-json\/wp\/v2\/product"}],"about":[{"href":"https:\/\/sunutherapie.com\/fr_fr\/wp-json\/wp\/v2\/types\/product"}],"replies":[{"embeddable":true,"href":"https:\/\/sunutherapie.com\/fr_fr\/wp-json\/wp\/v2\/comments?post=2385"}],"version-history":[{"count":4,"href":"https:\/\/sunutherapie.com\/fr_fr\/wp-json\/wp\/v2\/product\/2385\/revisions"}],"predecessor-version":[{"id":2623,"href":"https:\/\/sunutherapie.com\/fr_fr\/wp-json\/wp\/v2\/product\/2385\/revisions\/2623"}],"wp:featuredmedia":[{"embeddable":true,"href":"https:\/\/sunutherapie.com\/fr_fr\/wp-json\/wp\/v2\/media\/2384"}],"wp:attachment":[{"href":"https:\/\/sunutherapie.com\/fr_fr\/wp-json\/wp\/v2\/media?parent=2385"}],"wp:term":[{"taxonomy":"brand","embeddable":true,"href":"https:\/\/sunutherapie.com\/fr_fr\/wp-json\/wp\/v2\/etheme_brands?post=2385"},{"taxonomy":"product_brand","embeddable":true,"href":"https:\/\/sunutherapie.com\/fr_fr\/wp-json\/wp\/v2\/product_brand?post=2385"},{"taxonomy":"product_cat","embeddable":true,"href":"https:\/\/sunutherapie.com\/fr_fr\/wp-json\/wp\/v2\/product_cat?post=2385"},{"taxonomy":"product_tag","embeddable":true,"href":"https:\/\/sunutherapie.com\/fr_fr\/wp-json\/wp\/v2\/product_tag?post=2385"}],"curies":[{"name":"wp","href":"https:\/\/api.w.org\/{rel}","templated":true}]}}