{"id":2394,"date":"2024-12-31T16:35:21","date_gmt":"2024-12-31T16:35:21","guid":{"rendered":"https:\/\/sunutherapie.com\/product\/gamme-capillaire-chebe-clou-de-girofle\/"},"modified":"2025-10-19T08:30:37","modified_gmt":"2025-10-19T08:30:37","slug":"gamme-capillaire-chebe-clou-de-girofle","status":"publish","type":"product","link":"https:\/\/sunutherapie.com\/fr_fr\/product\/gamme-capillaire-chebe-clou-de-girofle\/","title":{"rendered":"Gamme Capillaire Chebe Clou de Girofle"},"content":{"rendered":"","protected":false},"excerpt":{"rendered":"<p>Votre gamme capillaire est constitu\u00e9 d&rsquo;une bouteille de Shampoing de 500ml, d&rsquo;une huile de Chebe de 100 ml et d&rsquo;un baume Chebe et Clou de girofle de 250 ml. Le tout pour lutter contre les chutes de cheveux, un d\u00e9but d&rsquo;alop\u00e9cie ( ou l\u00e9\u00e9l en wolof), afin de vous permettre d&rsquo;avoir des Cheveux soyeux, volumineux et longs.<\/p>\n<p>Tous nos produits sont fait \u00e0 base de produits naturels, et id\u00e9al pour tout type de cheveux.<\/p>\n","protected":false},"featured_media":2393,"comment_status":"open","ping_status":"closed","template":"","meta":[],"etheme_brands":[],"product_brand":[],"product_cat":[56,57],"product_tag":[62],"class_list":{"0":"post-2394","1":"product","2":"type-product","3":"status-publish","4":"has-post-thumbnail","6":"product_cat-biocosmetiques","7":"product_cat-growing-hair","8":"product_tag-biocos1","10":"first","11":"instock","12":"shipping-taxable","13":"purchasable","14":"product-type-simple"},"jetpack_sharing_enabled":true,"_links":{"self":[{"href":"https:\/\/sunutherapie.com\/fr_fr\/wp-json\/wp\/v2\/product\/2394","targetHints":{"allow":["GET"]}}],"collection":[{"href":"https:\/\/sunutherapie.com\/fr_fr\/wp-json\/wp\/v2\/product"}],"about":[{"href":"https:\/\/sunutherapie.com\/fr_fr\/wp-json\/wp\/v2\/types\/product"}],"replies":[{"embeddable":true,"href":"https:\/\/sunutherapie.com\/fr_fr\/wp-json\/wp\/v2\/comments?post=2394"}],"version-history":[{"count":1,"href":"https:\/\/sunutherapie.com\/fr_fr\/wp-json\/wp\/v2\/product\/2394\/revisions"}],"predecessor-version":[{"id":2395,"href":"https:\/\/sunutherapie.com\/fr_fr\/wp-json\/wp\/v2\/product\/2394\/revisions\/2395"}],"wp:featuredmedia":[{"embeddable":true,"href":"https:\/\/sunutherapie.com\/fr_fr\/wp-json\/wp\/v2\/media\/2393"}],"wp:attachment":[{"href":"https:\/\/sunutherapie.com\/fr_fr\/wp-json\/wp\/v2\/media?parent=2394"}],"wp:term":[{"taxonomy":"brand","embeddable":true,"href":"https:\/\/sunutherapie.com\/fr_fr\/wp-json\/wp\/v2\/etheme_brands?post=2394"},{"taxonomy":"product_brand","embeddable":true,"href":"https:\/\/sunutherapie.com\/fr_fr\/wp-json\/wp\/v2\/product_brand?post=2394"},{"taxonomy":"product_cat","embeddable":true,"href":"https:\/\/sunutherapie.com\/fr_fr\/wp-json\/wp\/v2\/product_cat?post=2394"},{"taxonomy":"product_tag","embeddable":true,"href":"https:\/\/sunutherapie.com\/fr_fr\/wp-json\/wp\/v2\/product_tag?post=2394"}],"curies":[{"name":"wp","href":"https:\/\/api.w.org\/{rel}","templated":true}]}}