{"id":2398,"date":"2025-01-01T19:38:27","date_gmt":"2025-01-01T19:38:27","guid":{"rendered":"https:\/\/sunutherapie.com\/product\/attieke-deshydratee\/"},"modified":"2025-08-11T11:41:23","modified_gmt":"2025-08-11T11:41:23","slug":"attieke-deshydratee","status":"publish","type":"product","link":"https:\/\/sunutherapie.com\/fr_fr\/product\/attieke-deshydratee\/","title":{"rendered":"Atti\u00e9k\u00e9 D\u00e9shydrat\u00e9e"},"content":{"rendered":"<h1 id=\"\" class=\"font-display first:mt-xs mb-2 mt-4 text-lg font-[500] leading-[1.5em] lg:text-xl dark:font-[475]\"><span>\ud83c\udf1f\u00a0<\/span><strong><span>Atti\u00e9k\u00e9 D\u00e9shydrat\u00e9e : Le Super-Aliment Africain<\/span><\/strong><\/h1>\n<p class=\"my-0 py-2 [&amp;_strong:has(+br)]:inline-block [&amp;_strong:has(+br)]:pb-2\"><span>D\u00e9couvrez <a href=\"https:\/\/sunutherapie.com\/blog-3\/\">l&rsquo;\u00a0<\/a><\/span><strong><span>atti\u00e9k\u00e9 d\u00e9shydrat\u00e9e<\/span><\/strong><span>\u00a0, ce tr\u00e9sor nutritionnel d&rsquo;Afrique qui transforme votre alimentation ! En effet, riche en complexes de\u00a0<\/span><strong><span>glucides<\/span><\/strong><span>\u00a0et en\u00a0<\/span><strong><span>fibres<\/span><\/strong><span>\u00a0, cette semoule de manioc ferment\u00e9e offre une \u00e9nergie durable. Par ailleurs, elle favorise une digestion optimale. De plus, gorg\u00e9e de\u00a0<\/span><strong><span>vitamines<\/span><\/strong><span>\u00a0B, C et E, l&rsquo;\u00a0<\/span><strong><span>atti\u00e9k\u00e9 d\u00e9shydrat\u00e9e<\/span><\/strong><span>\u00a0est votre alli\u00e9 sant\u00e9 au quotidien.<\/span><\/p>\n<h2 id=\"\" class=\"mb-2 mt-4 text-base font-[500] first:mt-0 md:text-lg dark:font-[475] [hr+&amp;]:mt-4\"><span>\ud83d\udcaa\u00a0<\/span><strong><span>Bienfaits Nutritionnels Exceptionnels<\/span><\/strong><\/h2>\n<h3 class=\"mb-2 mt-4 text-base font-[500] first:mt-0 dark:font-[475]\"><span>\u26a1\u00a0<\/span><strong><span>Composition \u00c9nerg\u00e9tique<\/span><\/strong><\/h3>\n<ul class=\"marker:text-quiet list-disc\">\n<li class=\"py-0 my-0 prose-p:pt-0 prose-p:pb-2 prose-p:my-0 [&amp;&gt;p]:pt-0 [&amp;&gt;p]:pb-2 [&amp;&gt;p]:my-0\" style=\"box-sizing: border-box; scrollbar-color: initial; scrollbar-width: initial; --tw-border-spacing-x: 0; --tw-border-spacing-y: 0; --tw-translate-x: 0; --tw-translate-y: 0; --tw-rotate: 0; --tw-skew-x: 0; --tw-skew-y: 0; --tw-scale-x: 1; --tw-scale-y: 1; --tw-scroll-snap-strictness: proximity; --tw-ring-offset-width: 0px; --tw-ring-offset-color: #fff; --tw-ring-color: rgb(59 130 246 \/ .5); --tw-ring-offset-shadow: 0 0 #0000; --tw-ring-shadow: 0 0 #0000; --tw-shadow: 0 0 #0000; --tw-shadow-colored: 0 0 #0000; margin-top: 0px; margin-bottom: 0px; padding-inline-start: 0.375em; padding-top: 0px; padding-bottom: 0px; border: 0px solid #e5e7eb;\">\n<p class=\"my-0 py-2 [&amp;_strong:has(+br)]:inline-block [&amp;_strong:has(+br)]:pb-2\"><strong><span>Glucides<\/span><\/strong><span>\u00a0de qualit\u00e9 pour une \u00e9nergie stable<\/span><\/p>\n<\/li>\n<li class=\"py-0 my-0 prose-p:pt-0 prose-p:pb-2 prose-p:my-0 [&amp;&gt;p]:pt-0 [&amp;&gt;p]:pb-2 [&amp;&gt;p]:my-0\" style=\"box-sizing: border-box; scrollbar-color: initial; scrollbar-width: initial; --tw-border-spacing-x: 0; --tw-border-spacing-y: 0; --tw-translate-x: 0; --tw-translate-y: 0; --tw-rotate: 0; --tw-skew-x: 0; --tw-skew-y: 0; --tw-scale-x: 1; --tw-scale-y: 1; --tw-scroll-snap-strictness: proximity; --tw-ring-offset-width: 0px; --tw-ring-offset-color: #fff; --tw-ring-color: rgb(59 130 246 \/ .5); --tw-ring-offset-shadow: 0 0 #0000; --tw-ring-shadow: 0 0 #0000; --tw-shadow: 0 0 #0000; --tw-shadow-colored: 0 0 #0000; margin-top: 0px; margin-bottom: 0px; padding-inline-start: 0.375em; padding-top: 0px; padding-bottom: 0px; border: 0px solid #e5e7eb;\">\n<p class=\"my-0 py-2 [&amp;_strong:has(+br)]:inline-block [&amp;_strong:has(+br)]:pb-2\"><strong><span>Fibres<\/span><\/strong><span>\u00a0alimentaires pour un transit intestinal parfait<\/span><\/p>\n<\/li>\n<li class=\"py-0 my-0 prose-p:pt-0 prose-p:pb-2 prose-p:my-0 [&amp;&gt;p]:pt-0 [&amp;&gt;p]:pb-2 [&amp;&gt;p]:my-0\" style=\"box-sizing: border-box; scrollbar-color: initial; scrollbar-width: initial; --tw-border-spacing-x: 0; --tw-border-spacing-y: 0; --tw-translate-x: 0; --tw-translate-y: 0; --tw-rotate: 0; --tw-skew-x: 0; --tw-skew-y: 0; --tw-scale-x: 1; --tw-scale-y: 1; --tw-scroll-snap-strictness: proximity; --tw-ring-offset-width: 0px; --tw-ring-offset-color: #fff; --tw-ring-color: rgb(59 130 246 \/ .5); --tw-ring-offset-shadow: 0 0 #0000; --tw-ring-shadow: 0 0 #0000; --tw-shadow: 0 0 #0000; --tw-shadow-colored: 0 0 #0000; margin-top: 0px; margin-bottom: 0px; padding-inline-start: 0.375em; padding-top: 0px; padding-bottom: 0px; border: 0px solid #e5e7eb;\">\n<p class=\"my-0 py-2 [&amp;_strong:has(+br)]:inline-block [&amp;_strong:has(+br)]:pb-2\"><strong><span>Vitamines<\/span><\/strong><span>\u00a0essentielles (B, C, E) pour booster votre immunit\u00e9<\/span><\/p>\n<\/li>\n<\/ul>\n","protected":false},"excerpt":{"rendered":"<div class=\"bbc-19j92fr ebmt73l0\" dir=\"ltr\" style=\"padding: 0px 1rem; margin: 0px; width: initial; grid-template-columns: repeat(6, 1fr); grid-column-end: span 6; grid-column-start: 1; font-family: -webkit-standard; font-size: 16px; font-style: normal; font-weight: 400; letter-spacing: normal; text-align: start; text-indent: 0px; text-transform: none; text-decoration: none;\">\n<p class=\"bbc-1y32vyc e17g058b0\" dir=\"ltr\" style=\"font-size: 1rem; line-height: 1.375rem; font-family: Helmet, Freesans, Helvetica, Arial, sans-serif; font-weight: 400; font-style: normal; padding-bottom: 1.5rem; margin: 0px;\">L&rsquo;atti\u00e9k\u00e9 combine des qualit\u00e9s nutritionnelles importantes, notamment sa richesse en glucides et en fibres, tout en \u00e9tant relativement pauvre en prot\u00e9ines.<\/p>\n<\/div>\n<div class=\"bbc-19j92fr ebmt73l0\" dir=\"ltr\" style=\"padding: 0px 1rem; margin: 0px; width: initial; grid-template-columns: repeat(6, 1fr); grid-column-end: span 6; grid-column-start: 1; font-family: -webkit-standard; font-size: 16px; font-style: normal; font-weight: 400; letter-spacing: normal; text-align: start; text-indent: 0px; text-transform: none; text-decoration: none;\">\n<p class=\"bbc-1y32vyc e17g058b0\" dir=\"ltr\" style=\"font-size: 1rem; line-height: 1.375rem; font-family: Helmet, Freesans, Helvetica, Arial, sans-serif; font-weight: 400; font-style: normal; padding-bottom: 1.5rem; margin: 0px;\">Riche en vitamine B, C, E, c&rsquo;est un aliment qui fournit un grand apport en magn\u00e9sium, en sels min\u00e9raux, en fer, en calcium. Il contient aussi du potassium, du sodium, du phosphore, du mangan\u00e8se et du zinc.<span class=\"Apple-converted-space\">\u00a0<\/span><\/p>\n<\/div>\n<div class=\"bbc-19j92fr ebmt73l0\" dir=\"ltr\" style=\"padding: 0px 1rem; margin: 0px; width: initial; grid-template-columns: repeat(6, 1fr); grid-column-end: span 6; grid-column-start: 1; font-family: -webkit-standard; font-size: 16px; font-style: normal; font-weight: 400; letter-spacing: normal; text-align: start; text-indent: 0px; text-transform: none; text-decoration: none;\">\n<p class=\"bbc-1y32vyc e17g058b0\" dir=\"ltr\" style=\"font-size: 1rem; line-height: 1.375rem; font-family: Helmet, Freesans, Helvetica, Arial, sans-serif; font-weight: 400; font-style: normal; padding-bottom: 1.5rem; margin: 0px;\">Rassasiant, l&rsquo;atti\u00e9k\u00e9 convient \u00e0 une alimentation pauvre en gluten. Il peut \u00e9galement \u00eatre un alli\u00e9 dans une perte de poids saine. \u00c9tant tr\u00e8s digeste, il peut \u00eatre une excellente alternative aux farines et c\u00e9r\u00e9ales traditionnelles, tout en facilitant l&rsquo;absorption des nutriments et de l&rsquo;\u00e9nergie.<span class=\"Apple-converted-space\">\u00a0<\/span><\/p>\n<\/div>\n<div class=\"bbc-19j92fr ebmt73l0\" dir=\"ltr\" style=\"padding: 0px 1rem; margin: 0px; width: initial; grid-template-columns: repeat(6, 1fr); grid-column-end: span 6; grid-column-start: 1; font-family: -webkit-standard; font-size: 16px; font-style: normal; font-weight: 400; letter-spacing: normal; text-align: start; text-indent: 0px; text-transform: none; text-decoration: none;\">\n<p class=\"bbc-1y32vyc e17g058b0\" dir=\"ltr\" style=\"font-size: 1rem; line-height: 1.375rem; font-family: Helmet, Freesans, Helvetica, Arial, sans-serif; font-weight: 400; font-style: normal; padding-bottom: 1.5rem; margin: 0px;\">L&rsquo;atti\u00e9k\u00e9 favoriserait donc la fertilit\u00e9 pour l&rsquo;homme comme pour la femme, selon la m\u00eame source, et serait tr\u00e8s b\u00e9n\u00e9fique pour les yeux, le cerveau, le syst\u00e8me sanguin et la peau.<\/p>\n<\/div>\n","protected":false},"featured_media":2397,"comment_status":"open","ping_status":"closed","template":"","meta":[],"etheme_brands":[],"product_brand":[],"product_cat":[63,15],"product_tag":[],"class_list":{"0":"post-2398","1":"product","2":"type-product","3":"status-publish","4":"has-post-thumbnail","6":"product_cat-aliment-sain","7":"product_cat-uncategorized","9":"first","10":"instock","11":"shipping-taxable","12":"purchasable","13":"product-type-simple"},"jetpack_sharing_enabled":true,"_links":{"self":[{"href":"https:\/\/sunutherapie.com\/fr_fr\/wp-json\/wp\/v2\/product\/2398","targetHints":{"allow":["GET"]}}],"collection":[{"href":"https:\/\/sunutherapie.com\/fr_fr\/wp-json\/wp\/v2\/product"}],"about":[{"href":"https:\/\/sunutherapie.com\/fr_fr\/wp-json\/wp\/v2\/types\/product"}],"replies":[{"embeddable":true,"href":"https:\/\/sunutherapie.com\/fr_fr\/wp-json\/wp\/v2\/comments?post=2398"}],"version-history":[{"count":3,"href":"https:\/\/sunutherapie.com\/fr_fr\/wp-json\/wp\/v2\/product\/2398\/revisions"}],"predecessor-version":[{"id":2533,"href":"https:\/\/sunutherapie.com\/fr_fr\/wp-json\/wp\/v2\/product\/2398\/revisions\/2533"}],"wp:featuredmedia":[{"embeddable":true,"href":"https:\/\/sunutherapie.com\/fr_fr\/wp-json\/wp\/v2\/media\/2397"}],"wp:attachment":[{"href":"https:\/\/sunutherapie.com\/fr_fr\/wp-json\/wp\/v2\/media?parent=2398"}],"wp:term":[{"taxonomy":"brand","embeddable":true,"href":"https:\/\/sunutherapie.com\/fr_fr\/wp-json\/wp\/v2\/etheme_brands?post=2398"},{"taxonomy":"product_brand","embeddable":true,"href":"https:\/\/sunutherapie.com\/fr_fr\/wp-json\/wp\/v2\/product_brand?post=2398"},{"taxonomy":"product_cat","embeddable":true,"href":"https:\/\/sunutherapie.com\/fr_fr\/wp-json\/wp\/v2\/product_cat?post=2398"},{"taxonomy":"product_tag","embeddable":true,"href":"https:\/\/sunutherapie.com\/fr_fr\/wp-json\/wp\/v2\/product_tag?post=2398"}],"curies":[{"name":"wp","href":"https:\/\/api.w.org\/{rel}","templated":true}]}}